{"id":604,"date":"2016-03-01T10:54:21","date_gmt":"2016-03-01T09:54:21","guid":{"rendered":"http:\/\/metromar.planetaries.cat\/ca\/home\/"},"modified":"2024-04-19T09:41:24","modified_gmt":"2024-04-19T07:41:24","slug":"ca","status":"publish","type":"page","link":"https:\/\/metromar.planetaries.cat\/ca\/","title":{"rendered":"Home"},"content":{"rendered":"","protected":false},"excerpt":{"rendered":"","protected":false},"author":1,"featured_media":13438,"parent":0,"menu_order":0,"comment_status":"closed","ping_status":"closed","template":"template-homepage.php","meta":{"_acf_changed":false,"footnotes":""},"acf":[],"yoast_head":"<!-- This site is optimized with the Yoast SEO plugin v23.0 - https:\/\/yoast.com\/wordpress\/plugins\/seo\/ -->\n<title>METROmar - La refer\u00e8ncia en assegurances n\u00e0utiques<\/title>\n<meta name=\"description\" content=\"Som l\u2019asseguradora d\u2019embarcacions que t\u00e9 el suport d\u2019un grup familiar \u00fanic, Metr\u00f3polis, cinquena companyia asseguradora m\u00e9s solvent del panorama espanyol.\" \/>\n<meta name=\"robots\" content=\"index, follow, max-snippet:-1, max-image-preview:large, max-video-preview:-1\" \/>\n<link rel=\"canonical\" href=\"https:\/\/metromar.planetaries.cat\/ca\/\" \/>\n<meta property=\"og:locale\" content=\"ca_ES\" \/>\n<meta property=\"og:type\" content=\"article\" \/>\n<meta property=\"og:title\" content=\"METROmar - La refer\u00e8ncia en assegurances n\u00e0utiques\" \/>\n<meta property=\"og:description\" content=\"Som l\u2019asseguradora d\u2019embarcacions que t\u00e9 el suport d\u2019un grup familiar \u00fanic, Metr\u00f3polis, cinquena companyia asseguradora m\u00e9s solvent del panorama espanyol.\" \/>\n<meta property=\"og:url\" content=\"https:\/\/metromar.planetaries.cat\/ca\/\" \/>\n<meta property=\"og:site_name\" content=\"Metromar\" \/>\n<meta property=\"article:modified_time\" content=\"2024-04-19T07:41:24+00:00\" \/>\n<meta property=\"og:image\" content=\"http:\/\/metromar.planetaries.cat\/wp-content\/uploads\/2016\/03\/te.jpg\" \/>\n\t<meta property=\"og:image:width\" content=\"1367\" \/>\n\t<meta property=\"og:image:height\" content=\"581\" \/>\n\t<meta property=\"og:image:type\" content=\"image\/jpeg\" \/>\n<meta name=\"twitter:card\" content=\"summary_large_image\" \/>\n<meta name=\"twitter:label1\" content=\"Temps estimat de lectura\" \/>\n\t<meta name=\"twitter:data1\" content=\"1 minut\" \/>\n<script type=\"application\/ld+json\" class=\"yoast-schema-graph\">{\"@context\":\"https:\/\/schema.org\",\"@graph\":[{\"@type\":\"WebPage\",\"@id\":\"https:\/\/metromar.planetaries.cat\/ca\/\",\"url\":\"https:\/\/metromar.planetaries.cat\/ca\/\",\"name\":\"METROmar - La refer\u00e8ncia en assegurances n\u00e0utiques\",\"isPartOf\":{\"@id\":\"https:\/\/metromar.planetaries.cat\/#website\"},\"primaryImageOfPage\":{\"@id\":\"https:\/\/metromar.planetaries.cat\/ca\/#primaryimage\"},\"image\":{\"@id\":\"https:\/\/metromar.planetaries.cat\/ca\/#primaryimage\"},\"thumbnailUrl\":\"https:\/\/metromar.planetaries.cat\/wp-content\/uploads\/2016\/03\/te.jpg\",\"datePublished\":\"2016-03-01T09:54:21+00:00\",\"dateModified\":\"2024-04-19T07:41:24+00:00\",\"description\":\"Som l\u2019asseguradora d\u2019embarcacions que t\u00e9 el suport d\u2019un grup familiar \u00fanic, Metr\u00f3polis, cinquena companyia asseguradora m\u00e9s solvent del panorama espanyol.\",\"breadcrumb\":{\"@id\":\"https:\/\/metromar.planetaries.cat\/ca\/#breadcrumb\"},\"inLanguage\":\"ca\",\"potentialAction\":[{\"@type\":\"ReadAction\",\"target\":[\"https:\/\/metromar.planetaries.cat\/ca\/\"]}]},{\"@type\":\"ImageObject\",\"inLanguage\":\"ca\",\"@id\":\"https:\/\/metromar.planetaries.cat\/ca\/#primaryimage\",\"url\":\"https:\/\/metromar.planetaries.cat\/wp-content\/uploads\/2016\/03\/te.jpg\",\"contentUrl\":\"https:\/\/metromar.planetaries.cat\/wp-content\/uploads\/2016\/03\/te.jpg\",\"width\":1367,\"height\":581},{\"@type\":\"BreadcrumbList\",\"@id\":\"https:\/\/metromar.planetaries.cat\/ca\/#breadcrumb\",\"itemListElement\":[{\"@type\":\"ListItem\",\"position\":1,\"name\":\"Portada\",\"item\":\"https:\/\/metromar.planetaries.cat\/ca\/\"},{\"@type\":\"ListItem\",\"position\":2,\"name\":\"Home\"}]},{\"@type\":\"WebSite\",\"@id\":\"https:\/\/metromar.planetaries.cat\/#website\",\"url\":\"https:\/\/metromar.planetaries.cat\/\",\"name\":\"Metromar\",\"description\":\"Ahorra hasta un 20% en el seguro de tu embarcaci\u00f3n\",\"potentialAction\":[{\"@type\":\"SearchAction\",\"target\":{\"@type\":\"EntryPoint\",\"urlTemplate\":\"https:\/\/metromar.planetaries.cat\/?s={search_term_string}\"},\"query-input\":\"required name=search_term_string\"}],\"inLanguage\":\"ca\"}]}<\/script>\n<!-- \/ Yoast SEO plugin. -->","yoast_head_json":{"title":"METROmar - La refer\u00e8ncia en assegurances n\u00e0utiques","description":"Som l\u2019asseguradora d\u2019embarcacions que t\u00e9 el suport d\u2019un grup familiar \u00fanic, Metr\u00f3polis, cinquena companyia asseguradora m\u00e9s solvent del panorama espanyol.","robots":{"index":"index","follow":"follow","max-snippet":"max-snippet:-1","max-image-preview":"max-image-preview:large","max-video-preview":"max-video-preview:-1"},"canonical":"https:\/\/metromar.planetaries.cat\/ca\/","og_locale":"ca_ES","og_type":"article","og_title":"METROmar - La refer\u00e8ncia en assegurances n\u00e0utiques","og_description":"Som l\u2019asseguradora d\u2019embarcacions que t\u00e9 el suport d\u2019un grup familiar \u00fanic, Metr\u00f3polis, cinquena companyia asseguradora m\u00e9s solvent del panorama espanyol.","og_url":"https:\/\/metromar.planetaries.cat\/ca\/","og_site_name":"Metromar","article_modified_time":"2024-04-19T07:41:24+00:00","og_image":[{"width":1367,"height":581,"url":"http:\/\/metromar.planetaries.cat\/wp-content\/uploads\/2016\/03\/te.jpg","type":"image\/jpeg"}],"twitter_card":"summary_large_image","twitter_misc":{"Temps estimat de lectura":"1 minut"},"schema":{"@context":"https:\/\/schema.org","@graph":[{"@type":"WebPage","@id":"https:\/\/metromar.planetaries.cat\/ca\/","url":"https:\/\/metromar.planetaries.cat\/ca\/","name":"METROmar - La refer\u00e8ncia en assegurances n\u00e0utiques","isPartOf":{"@id":"https:\/\/metromar.planetaries.cat\/#website"},"primaryImageOfPage":{"@id":"https:\/\/metromar.planetaries.cat\/ca\/#primaryimage"},"image":{"@id":"https:\/\/metromar.planetaries.cat\/ca\/#primaryimage"},"thumbnailUrl":"https:\/\/metromar.planetaries.cat\/wp-content\/uploads\/2016\/03\/te.jpg","datePublished":"2016-03-01T09:54:21+00:00","dateModified":"2024-04-19T07:41:24+00:00","description":"Som l\u2019asseguradora d\u2019embarcacions que t\u00e9 el suport d\u2019un grup familiar \u00fanic, Metr\u00f3polis, cinquena companyia asseguradora m\u00e9s solvent del panorama espanyol.","breadcrumb":{"@id":"https:\/\/metromar.planetaries.cat\/ca\/#breadcrumb"},"inLanguage":"ca","potentialAction":[{"@type":"ReadAction","target":["https:\/\/metromar.planetaries.cat\/ca\/"]}]},{"@type":"ImageObject","inLanguage":"ca","@id":"https:\/\/metromar.planetaries.cat\/ca\/#primaryimage","url":"https:\/\/metromar.planetaries.cat\/wp-content\/uploads\/2016\/03\/te.jpg","contentUrl":"https:\/\/metromar.planetaries.cat\/wp-content\/uploads\/2016\/03\/te.jpg","width":1367,"height":581},{"@type":"BreadcrumbList","@id":"https:\/\/metromar.planetaries.cat\/ca\/#breadcrumb","itemListElement":[{"@type":"ListItem","position":1,"name":"Portada","item":"https:\/\/metromar.planetaries.cat\/ca\/"},{"@type":"ListItem","position":2,"name":"Home"}]},{"@type":"WebSite","@id":"https:\/\/metromar.planetaries.cat\/#website","url":"https:\/\/metromar.planetaries.cat\/","name":"Metromar","description":"Ahorra hasta un 20% en el seguro de tu embarcaci\u00f3n","potentialAction":[{"@type":"SearchAction","target":{"@type":"EntryPoint","urlTemplate":"https:\/\/metromar.planetaries.cat\/?s={search_term_string}"},"query-input":"required name=search_term_string"}],"inLanguage":"ca"}]}},"_links":{"self":[{"href":"https:\/\/metromar.planetaries.cat\/ca\/wp-json\/wp\/v2\/pages\/604"}],"collection":[{"href":"https:\/\/metromar.planetaries.cat\/ca\/wp-json\/wp\/v2\/pages"}],"about":[{"href":"https:\/\/metromar.planetaries.cat\/ca\/wp-json\/wp\/v2\/types\/page"}],"author":[{"embeddable":true,"href":"https:\/\/metromar.planetaries.cat\/ca\/wp-json\/wp\/v2\/users\/1"}],"replies":[{"embeddable":true,"href":"https:\/\/metromar.planetaries.cat\/ca\/wp-json\/wp\/v2\/comments?post=604"}],"version-history":[{"count":1,"href":"https:\/\/metromar.planetaries.cat\/ca\/wp-json\/wp\/v2\/pages\/604\/revisions"}],"predecessor-version":[{"id":765,"href":"https:\/\/metromar.planetaries.cat\/ca\/wp-json\/wp\/v2\/pages\/604\/revisions\/765"}],"wp:featuredmedia":[{"embeddable":true,"href":"https:\/\/metromar.planetaries.cat\/ca\/wp-json\/wp\/v2\/media\/13438"}],"wp:attachment":[{"href":"https:\/\/metromar.planetaries.cat\/ca\/wp-json\/wp\/v2\/media?parent=604"}],"curies":[{"name":"wp","href":"https:\/\/api.w.org\/{rel}","templated":true}]}}