{"id":702,"date":"2016-03-11T11:32:57","date_gmt":"2016-03-11T10:32:57","guid":{"rendered":"http:\/\/metromar.planetaries.cat\/ca\/consejos\/consejos-para-contratar-el-seguro-de-barco-y-otras-embarcaciones\/"},"modified":"2024-04-09T14:01:35","modified_gmt":"2024-04-09T12:01:35","slug":"contractar-lasseguranca-dembarcacion","status":"publish","type":"page","link":"https:\/\/metromar.planetaries.cat\/ca\/consells\/contractar-lasseguranca-dembarcacion\/","title":{"rendered":"Contractar l&#8217;asseguran\u00e7a d&#8217;embarcacion"},"content":{"rendered":"<h2>No et perdis navegant i segueix els nostres consells per contractar l&#8217;asseguran\u00e7a de vaixell i altres embarcacions<\/h2>\n<p>A continuaci\u00f3, exposem algunes recomanacions \u00fatils a l\u2019hora de<strong> contractar l\u2019asseguran\u00e7a de la seva embarcaci\u00f3<\/strong>.<\/p>\n<h2><strong>Atenci\u00f3 a la zona de navegaci\u00f3<\/strong><\/h2>\n<p>Segons la zona de navegaci\u00f3 en la quan s\u2019hagi d\u2019utilitzar l\u2019embarcaci\u00f3, les cobertures i les limitacions d\u2019una p\u00f2lissa varien. Per aquest motiu \u00e9s important que ens indiqui la seva zona de navegaci\u00f3, per tal que li puguem aconsellar els serveis que m\u00e9s s\u2019adeq\u00fcen a les seves necessitats.<\/p>\n<h2><strong>Utilitzaci\u00f3 de l\u2019embarcaci\u00f3 \u00a0<\/strong><\/h2>\n<p>Si, a m\u00e9s de l\u2019esbarjo, <strong>tamb\u00e9 s\u2019utilitza l\u2019embarcaci\u00f3 per participar en regates o en concursos de pesca<\/strong>, caldr\u00e0 subscriure una asseguran\u00e7a especial per poder formar part d\u2019aquests esdeveniments.<\/p>\n<h3><strong>Garanties recomanables per contractar en l\u2019asseguran\u00e7a d\u2019embarcacions<\/strong><\/h3>\n<ul>\n<li><strong>Defensa penal<\/strong>: es garanteix la defensa i la representaci\u00f3 del client assegurat en processos penals, aix\u00ed com el pagament de les despeses en qu\u00e8 incorri com a conseq\u00fc\u00e8ncia de la seva intervenci\u00f3 en aquests procediments i dels quals derivi o pugui derivar la responsabilitat civil coberta per la p\u00f2lissa.<\/li>\n<li><strong>Reclamaci\u00f3 de danys<\/strong>: la companyia es compromet a reclamar al tercer responsable o a la seva entitat asseguradora en nom del perjudicat, de manera amistosa o per la via judicial, la indemnitzaci\u00f3 corresponent per danys i perjudicis causats directament per l\u2019accident.<\/li>\n<li><strong>Assist\u00e8ncia mar\u00edtima<\/strong>: en el cas d\u2019avaria de l\u2019embarcaci\u00f3 assegurada, quedaran cobertes les despeses de remolc fins a la zona portu\u00e0ria o esportiva m\u00e9s propera.<\/li>\n<\/ul>\n<h2><strong>No existeix l\u2019obligaci\u00f3 de disposar de titulaci\u00f3 a l\u2019hora de contractar l\u2019asseguran\u00e7a d\u2019embarcacions<\/strong><\/h2>\n<p>El patr\u00f3 \u00e9s l\u2019\u00fanica persona obligada a estar en disposici\u00f3 de la titulaci\u00f3 requerida per la normativa vigent. El prenedor de l\u2019asseguran\u00e7a i l\u2019assegurat no tenen aquesta obligaci\u00f3.<\/p>\n<h2><strong>Embarcacions auxiliars<\/strong><\/h2>\n<p>Qualsevol embarcaci\u00f3 auxiliar que no faci m\u00e9s de 4 metres d\u2019eslora i que tingui un motor que no superi els 10 CV de pot\u00e8ncia pot ser inclosa dins la p\u00f2lissa de l\u2019embarcaci\u00f3 principal.<\/p>\n<h2><strong>Cobertures indispensables per cobrir els danys propis <\/strong><\/h2>\n<p>Per tal de tenir els danys propis coberts caldr\u00e0 contractar les cobertures seg\u00fcents:<\/p>\n<ul>\n<li>P\u00e8rdua total<\/li>\n<li>Avaries particulars<\/li>\n<li>Robatori<\/li>\n<\/ul>\n<h2><strong>Cobertura de remoci\u00f3 de restes en contractar l\u2019asseguran\u00e7a d\u2019embarcacions<\/strong><\/h2>\n<p>La remoci\u00f3 de restes pot ser exigida per l\u2019autoritat mar\u00edtima competent quan les restes de l\u2019embarcaci\u00f3 suposin un obstacle a la navegaci\u00f3 o quan puguin causar danys mediambientals, est\u00e8tics, etc.<\/p>\n<p>La companyia asseguradora es far\u00e0 c\u00e0rrec de les despeses de la retirada de les restes fins al l\u00edmit establert.<\/p>\n<p>&nbsp;<\/p>\n<p><a href=\"http:\/\/metromar.planetaries.cat\/ca\/calcula-tu-poliza\/\">Si vols contractar amb nosaltres l&#8217;asseguran\u00e7a de la seva embarcaci\u00f3 amb un magn\u00edfic descompte feu clic aqu\u00ed<\/a>, truqui de franc al <strong>900 100 390<\/strong> o, si ho prefereix, <a class=\" te-llamamos\" data-toggle=\"modal\" data-target=\"#myModal\">li trucarem nosaltres<\/a>.<\/p>\n<p>&nbsp;<\/p>\n","protected":false},"excerpt":{"rendered":"<p>No et perdis navegant i segueix els nostres consells per contractar l&#8217;asseguran\u00e7a de vaixell i altres embarcacions A continuaci\u00f3, exposem algunes recomanacions \u00fatils a l\u2019hora de contractar l\u2019asseguran\u00e7a de la seva embarcaci\u00f3. Atenci\u00f3 a la zona de navegaci\u00f3 Segons la zona de navegaci\u00f3 en la quan s\u2019hagi d\u2019utilitzar l\u2019embarcaci\u00f3, les cobertures i les limitacions d\u2019una [&hellip;]<\/p>\n","protected":false},"author":2,"featured_media":0,"parent":700,"menu_order":0,"comment_status":"closed","ping_status":"closed","template":"template-consejos.php","meta":{"_acf_changed":false,"footnotes":""},"acf":[],"yoast_head":"<!-- This site is optimized with the Yoast SEO plugin v23.0 - https:\/\/yoast.com\/wordpress\/plugins\/seo\/ -->\n<title>Contractar l&#039;asseguran\u00e7a d&#039;embarcacion - Metromar<\/title>\n<meta name=\"robots\" content=\"index, follow, max-snippet:-1, max-image-preview:large, max-video-preview:-1\" \/>\n<link rel=\"canonical\" href=\"https:\/\/metromar.planetaries.cat\/ca\/consells\/contractar-lasseguranca-dembarcacion\/\" \/>\n<meta property=\"og:locale\" content=\"ca_ES\" \/>\n<meta property=\"og:type\" content=\"article\" \/>\n<meta property=\"og:title\" content=\"Contractar l&#039;asseguran\u00e7a d&#039;embarcacion - Metromar\" \/>\n<meta property=\"og:description\" content=\"No et perdis navegant i segueix els nostres consells per contractar l&#8217;asseguran\u00e7a de vaixell i altres embarcacions A continuaci\u00f3, exposem algunes recomanacions \u00fatils a l\u2019hora de contractar l\u2019asseguran\u00e7a de la seva embarcaci\u00f3. Atenci\u00f3 a la zona de navegaci\u00f3 Segons la zona de navegaci\u00f3 en la quan s\u2019hagi d\u2019utilitzar l\u2019embarcaci\u00f3, les cobertures i les limitacions d\u2019una [&hellip;]\" \/>\n<meta property=\"og:url\" content=\"https:\/\/metromar.planetaries.cat\/ca\/consells\/contractar-lasseguranca-dembarcacion\/\" \/>\n<meta property=\"og:site_name\" content=\"Metromar\" \/>\n<meta property=\"article:modified_time\" content=\"2024-04-09T12:01:35+00:00\" \/>\n<meta name=\"twitter:card\" content=\"summary_large_image\" \/>\n<meta name=\"twitter:label1\" content=\"Temps estimat de lectura\" \/>\n\t<meta name=\"twitter:data1\" content=\"2 minuts\" \/>\n<script type=\"application\/ld+json\" class=\"yoast-schema-graph\">{\"@context\":\"https:\/\/schema.org\",\"@graph\":[{\"@type\":\"WebPage\",\"@id\":\"https:\/\/metromar.planetaries.cat\/ca\/consells\/contractar-lasseguranca-dembarcacion\/\",\"url\":\"https:\/\/metromar.planetaries.cat\/ca\/consells\/contractar-lasseguranca-dembarcacion\/\",\"name\":\"Contractar l'asseguran\u00e7a d'embarcacion - Metromar\",\"isPartOf\":{\"@id\":\"https:\/\/metromar.planetaries.cat\/#website\"},\"datePublished\":\"2016-03-11T10:32:57+00:00\",\"dateModified\":\"2024-04-09T12:01:35+00:00\",\"breadcrumb\":{\"@id\":\"https:\/\/metromar.planetaries.cat\/ca\/consells\/contractar-lasseguranca-dembarcacion\/#breadcrumb\"},\"inLanguage\":\"ca\",\"potentialAction\":[{\"@type\":\"ReadAction\",\"target\":[\"https:\/\/metromar.planetaries.cat\/ca\/consells\/contractar-lasseguranca-dembarcacion\/\"]}]},{\"@type\":\"BreadcrumbList\",\"@id\":\"https:\/\/metromar.planetaries.cat\/ca\/consells\/contractar-lasseguranca-dembarcacion\/#breadcrumb\",\"itemListElement\":[{\"@type\":\"ListItem\",\"position\":1,\"name\":\"Portada\",\"item\":\"https:\/\/metromar.planetaries.cat\/ca\/\"},{\"@type\":\"ListItem\",\"position\":2,\"name\":\"FAQ\",\"item\":\"https:\/\/metromar.planetaries.cat\/ca\/consells\/\"},{\"@type\":\"ListItem\",\"position\":3,\"name\":\"Contractar l&#8217;asseguran\u00e7a d&#8217;embarcacion\"}]},{\"@type\":\"WebSite\",\"@id\":\"https:\/\/metromar.planetaries.cat\/#website\",\"url\":\"https:\/\/metromar.planetaries.cat\/\",\"name\":\"Metromar\",\"description\":\"Ahorra hasta un 20% en el seguro de tu embarcaci\u00f3n\",\"potentialAction\":[{\"@type\":\"SearchAction\",\"target\":{\"@type\":\"EntryPoint\",\"urlTemplate\":\"https:\/\/metromar.planetaries.cat\/?s={search_term_string}\"},\"query-input\":\"required name=search_term_string\"}],\"inLanguage\":\"ca\"}]}<\/script>\n<!-- \/ Yoast SEO plugin. -->","yoast_head_json":{"title":"Contractar l'asseguran\u00e7a d'embarcacion - Metromar","robots":{"index":"index","follow":"follow","max-snippet":"max-snippet:-1","max-image-preview":"max-image-preview:large","max-video-preview":"max-video-preview:-1"},"canonical":"https:\/\/metromar.planetaries.cat\/ca\/consells\/contractar-lasseguranca-dembarcacion\/","og_locale":"ca_ES","og_type":"article","og_title":"Contractar l'asseguran\u00e7a d'embarcacion - Metromar","og_description":"No et perdis navegant i segueix els nostres consells per contractar l&#8217;asseguran\u00e7a de vaixell i altres embarcacions A continuaci\u00f3, exposem algunes recomanacions \u00fatils a l\u2019hora de contractar l\u2019asseguran\u00e7a de la seva embarcaci\u00f3. Atenci\u00f3 a la zona de navegaci\u00f3 Segons la zona de navegaci\u00f3 en la quan s\u2019hagi d\u2019utilitzar l\u2019embarcaci\u00f3, les cobertures i les limitacions d\u2019una [&hellip;]","og_url":"https:\/\/metromar.planetaries.cat\/ca\/consells\/contractar-lasseguranca-dembarcacion\/","og_site_name":"Metromar","article_modified_time":"2024-04-09T12:01:35+00:00","twitter_card":"summary_large_image","twitter_misc":{"Temps estimat de lectura":"2 minuts"},"schema":{"@context":"https:\/\/schema.org","@graph":[{"@type":"WebPage","@id":"https:\/\/metromar.planetaries.cat\/ca\/consells\/contractar-lasseguranca-dembarcacion\/","url":"https:\/\/metromar.planetaries.cat\/ca\/consells\/contractar-lasseguranca-dembarcacion\/","name":"Contractar l'asseguran\u00e7a d'embarcacion - Metromar","isPartOf":{"@id":"https:\/\/metromar.planetaries.cat\/#website"},"datePublished":"2016-03-11T10:32:57+00:00","dateModified":"2024-04-09T12:01:35+00:00","breadcrumb":{"@id":"https:\/\/metromar.planetaries.cat\/ca\/consells\/contractar-lasseguranca-dembarcacion\/#breadcrumb"},"inLanguage":"ca","potentialAction":[{"@type":"ReadAction","target":["https:\/\/metromar.planetaries.cat\/ca\/consells\/contractar-lasseguranca-dembarcacion\/"]}]},{"@type":"BreadcrumbList","@id":"https:\/\/metromar.planetaries.cat\/ca\/consells\/contractar-lasseguranca-dembarcacion\/#breadcrumb","itemListElement":[{"@type":"ListItem","position":1,"name":"Portada","item":"https:\/\/metromar.planetaries.cat\/ca\/"},{"@type":"ListItem","position":2,"name":"FAQ","item":"https:\/\/metromar.planetaries.cat\/ca\/consells\/"},{"@type":"ListItem","position":3,"name":"Contractar l&#8217;asseguran\u00e7a d&#8217;embarcacion"}]},{"@type":"WebSite","@id":"https:\/\/metromar.planetaries.cat\/#website","url":"https:\/\/metromar.planetaries.cat\/","name":"Metromar","description":"Ahorra hasta un 20% en el seguro de tu embarcaci\u00f3n","potentialAction":[{"@type":"SearchAction","target":{"@type":"EntryPoint","urlTemplate":"https:\/\/metromar.planetaries.cat\/?s={search_term_string}"},"query-input":"required name=search_term_string"}],"inLanguage":"ca"}]}},"_links":{"self":[{"href":"https:\/\/metromar.planetaries.cat\/ca\/wp-json\/wp\/v2\/pages\/702"}],"collection":[{"href":"https:\/\/metromar.planetaries.cat\/ca\/wp-json\/wp\/v2\/pages"}],"about":[{"href":"https:\/\/metromar.planetaries.cat\/ca\/wp-json\/wp\/v2\/types\/page"}],"author":[{"embeddable":true,"href":"https:\/\/metromar.planetaries.cat\/ca\/wp-json\/wp\/v2\/users\/2"}],"replies":[{"embeddable":true,"href":"https:\/\/metromar.planetaries.cat\/ca\/wp-json\/wp\/v2\/comments?post=702"}],"version-history":[{"count":5,"href":"https:\/\/metromar.planetaries.cat\/ca\/wp-json\/wp\/v2\/pages\/702\/revisions"}],"predecessor-version":[{"id":1170,"href":"https:\/\/metromar.planetaries.cat\/ca\/wp-json\/wp\/v2\/pages\/702\/revisions\/1170"}],"up":[{"embeddable":true,"href":"https:\/\/metromar.planetaries.cat\/ca\/wp-json\/wp\/v2\/pages\/700"}],"wp:attachment":[{"href":"https:\/\/metromar.planetaries.cat\/ca\/wp-json\/wp\/v2\/media?parent=702"}],"curies":[{"name":"wp","href":"https:\/\/api.w.org\/{rel}","templated":true}]}}