{"id":708,"date":"2016-03-11T14:13:51","date_gmt":"2016-03-11T13:13:51","guid":{"rendered":"http:\/\/metromar.planetaries.cat\/ca\/nuestra-empresa\/"},"modified":"2024-04-19T10:20:26","modified_gmt":"2024-04-19T08:20:26","slug":"empresa","status":"publish","type":"page","link":"https:\/\/metromar.planetaries.cat\/ca\/empresa\/","title":{"rendered":"Sobre nosaltres"},"content":{"rendered":"<p><strong>Metromar<\/strong>, integrada a FIATC Assegurances, est\u00e0 especialitzada en assegurances per a embarcacions d&#8217;esbarjo des de fa m\u00e9s de quinze anys. Amb un equip altament qualificat i especialitzat en l&#8217;\u00e0mbit mar\u00edtim ofereix els productes i serveis m\u00e9s adequats a les necessitats dels seus clients.<\/p>\n<p><img loading=\"lazy\" decoding=\"async\" class=\"alignnone size-full wp-image-1584\" src=\"http:\/\/metromartest.azurewebsites.net\/wp-content\/uploads\/2016\/03\/FIATC_metromar_.jpg\" alt=\"\" width=\"709\" height=\"352\" srcset=\"https:\/\/metromar.planetaries.cat\/wp-content\/uploads\/2016\/03\/FIATC_metromar_.jpg 709w, https:\/\/metromar.planetaries.cat\/wp-content\/uploads\/2016\/03\/FIATC_metromar_-600x298.jpg 600w\" sizes=\"(max-width: 709px) 100vw, 709px\" \/><\/p>\n<p><strong>FIATC<\/strong>, segona m\u00fatua del pa\u00eds i la primera de Catalunya en volum de primes, ofereix assegurances en totes les modalitats. Amb m\u00e9s de 50 oficines a tot el pa\u00eds, un equip de m\u00e9s de 870 persones i 5.000 mediadors garanteix una atenci\u00f3 personalitzada a m\u00e9s de 500.000 clients.<\/p>\n<p>Com a experts en assegurances despr\u00e9s de m\u00e9s de vuitanta anys assegurant a les persones i el seu patrimoni, FIATC posa a la teva disposici\u00f3 assegurances de tot tipus, per a tu i la teva fam\u00edlia, els teus b\u00e9ns, el teu negoci i el teu temps lliure.<\/p>\n<p>Pensant en el futur, els nostres productes i la nostra forma de treballar evolucionen amb tu i amb les necessitats socials. Gr\u00e0cies a les noves tecnologies, podem oferir m\u00e9s i millor servei a tots els nostres clients.<\/p>\n<h2>ASSEGURANCES<\/h2>\n<ul>\n<li><a href=\"http:\/\/metromar.planetaries.cat\/ca\/producto\/motor\/\">Asseguran\u00e7a Motor<\/a><\/li>\n<li><a href=\"http:\/\/metromar.planetaries.cat\/ca\/producto\/vela\/\">Asseguran\u00e7a Veler<\/a><\/li>\n<li><a href=\"http:\/\/metromar.planetaries.cat\/ca\/producto\/neumatica\/\">Asseguran\u00e7a Embarcaci\u00f3 pneum\u00e0tica<\/a><\/li>\n<li><a href=\"http:\/\/metromar.planetaries.cat\/ca\/producto\/moto-acuatica\/\">Asseguran\u00e7a Moto d\u2019aigua<\/a><\/li>\n<li><a href=\"http:\/\/metromar.planetaries.cat\/ca\/producto\/semirrigidas\/\">Asseguran\u00e7a Embarcacions semir\u00edgides<\/a><\/li>\n<\/ul>\n","protected":false},"excerpt":{"rendered":"<p>Metromar, integrada a FIATC Assegurances, est\u00e0 especialitzada en assegurances per a embarcacions d&#8217;esbarjo des de fa m\u00e9s de quinze anys. Amb un equip altament qualificat i especialitzat en l&#8217;\u00e0mbit mar\u00edtim ofereix els productes i serveis m\u00e9s adequats a les necessitats dels seus clients. FIATC, segona m\u00fatua del pa\u00eds i la primera de Catalunya en volum [&hellip;]<\/p>\n","protected":false},"author":2,"featured_media":0,"parent":0,"menu_order":0,"comment_status":"closed","ping_status":"closed","template":"template-pagina.php","meta":{"_acf_changed":false,"footnotes":""},"acf":[],"yoast_head":"<!-- This site is optimized with the Yoast SEO plugin v23.0 - https:\/\/yoast.com\/wordpress\/plugins\/seo\/ -->\n<title>Sobre nosaltres - Metromar<\/title>\n<meta name=\"robots\" content=\"index, follow, max-snippet:-1, max-image-preview:large, max-video-preview:-1\" \/>\n<link rel=\"canonical\" href=\"https:\/\/metromar.planetaries.cat\/ca\/empresa\/\" \/>\n<meta property=\"og:locale\" content=\"ca_ES\" \/>\n<meta property=\"og:type\" content=\"article\" \/>\n<meta property=\"og:title\" content=\"Sobre nosaltres - Metromar\" \/>\n<meta property=\"og:description\" content=\"Metromar, integrada a FIATC Assegurances, est\u00e0 especialitzada en assegurances per a embarcacions d&#8217;esbarjo des de fa m\u00e9s de quinze anys. Amb un equip altament qualificat i especialitzat en l&#8217;\u00e0mbit mar\u00edtim ofereix els productes i serveis m\u00e9s adequats a les necessitats dels seus clients. FIATC, segona m\u00fatua del pa\u00eds i la primera de Catalunya en volum [&hellip;]\" \/>\n<meta property=\"og:url\" content=\"https:\/\/metromar.planetaries.cat\/ca\/empresa\/\" \/>\n<meta property=\"og:site_name\" content=\"Metromar\" \/>\n<meta property=\"article:modified_time\" content=\"2024-04-19T08:20:26+00:00\" \/>\n<meta property=\"og:image\" content=\"http:\/\/metromartest.azurewebsites.net\/wp-content\/uploads\/2016\/03\/FIATC_metromar_.jpg\" \/>\n<meta name=\"twitter:card\" content=\"summary_large_image\" \/>\n<meta name=\"twitter:label1\" content=\"Temps estimat de lectura\" \/>\n\t<meta name=\"twitter:data1\" content=\"2 minuts\" \/>\n<script type=\"application\/ld+json\" class=\"yoast-schema-graph\">{\"@context\":\"https:\/\/schema.org\",\"@graph\":[{\"@type\":\"WebPage\",\"@id\":\"https:\/\/metromar.planetaries.cat\/ca\/empresa\/\",\"url\":\"https:\/\/metromar.planetaries.cat\/ca\/empresa\/\",\"name\":\"Sobre nosaltres - Metromar\",\"isPartOf\":{\"@id\":\"https:\/\/metromar.planetaries.cat\/#website\"},\"primaryImageOfPage\":{\"@id\":\"https:\/\/metromar.planetaries.cat\/ca\/empresa\/#primaryimage\"},\"image\":{\"@id\":\"https:\/\/metromar.planetaries.cat\/ca\/empresa\/#primaryimage\"},\"thumbnailUrl\":\"http:\/\/metromartest.azurewebsites.net\/wp-content\/uploads\/2016\/03\/FIATC_metromar_.jpg\",\"datePublished\":\"2016-03-11T13:13:51+00:00\",\"dateModified\":\"2024-04-19T08:20:26+00:00\",\"breadcrumb\":{\"@id\":\"https:\/\/metromar.planetaries.cat\/ca\/empresa\/#breadcrumb\"},\"inLanguage\":\"ca\",\"potentialAction\":[{\"@type\":\"ReadAction\",\"target\":[\"https:\/\/metromar.planetaries.cat\/ca\/empresa\/\"]}]},{\"@type\":\"ImageObject\",\"inLanguage\":\"ca\",\"@id\":\"https:\/\/metromar.planetaries.cat\/ca\/empresa\/#primaryimage\",\"url\":\"http:\/\/metromartest.azurewebsites.net\/wp-content\/uploads\/2016\/03\/FIATC_metromar_.jpg\",\"contentUrl\":\"http:\/\/metromartest.azurewebsites.net\/wp-content\/uploads\/2016\/03\/FIATC_metromar_.jpg\"},{\"@type\":\"BreadcrumbList\",\"@id\":\"https:\/\/metromar.planetaries.cat\/ca\/empresa\/#breadcrumb\",\"itemListElement\":[{\"@type\":\"ListItem\",\"position\":1,\"name\":\"Portada\",\"item\":\"https:\/\/metromar.planetaries.cat\/ca\/\"},{\"@type\":\"ListItem\",\"position\":2,\"name\":\"Sobre nosaltres\"}]},{\"@type\":\"WebSite\",\"@id\":\"https:\/\/metromar.planetaries.cat\/#website\",\"url\":\"https:\/\/metromar.planetaries.cat\/\",\"name\":\"Metromar\",\"description\":\"Ahorra hasta un 20% en el seguro de tu embarcaci\u00f3n\",\"potentialAction\":[{\"@type\":\"SearchAction\",\"target\":{\"@type\":\"EntryPoint\",\"urlTemplate\":\"https:\/\/metromar.planetaries.cat\/?s={search_term_string}\"},\"query-input\":\"required name=search_term_string\"}],\"inLanguage\":\"ca\"}]}<\/script>\n<!-- \/ Yoast SEO plugin. -->","yoast_head_json":{"title":"Sobre nosaltres - Metromar","robots":{"index":"index","follow":"follow","max-snippet":"max-snippet:-1","max-image-preview":"max-image-preview:large","max-video-preview":"max-video-preview:-1"},"canonical":"https:\/\/metromar.planetaries.cat\/ca\/empresa\/","og_locale":"ca_ES","og_type":"article","og_title":"Sobre nosaltres - Metromar","og_description":"Metromar, integrada a FIATC Assegurances, est\u00e0 especialitzada en assegurances per a embarcacions d&#8217;esbarjo des de fa m\u00e9s de quinze anys. Amb un equip altament qualificat i especialitzat en l&#8217;\u00e0mbit mar\u00edtim ofereix els productes i serveis m\u00e9s adequats a les necessitats dels seus clients. FIATC, segona m\u00fatua del pa\u00eds i la primera de Catalunya en volum [&hellip;]","og_url":"https:\/\/metromar.planetaries.cat\/ca\/empresa\/","og_site_name":"Metromar","article_modified_time":"2024-04-19T08:20:26+00:00","og_image":[{"url":"http:\/\/metromartest.azurewebsites.net\/wp-content\/uploads\/2016\/03\/FIATC_metromar_.jpg"}],"twitter_card":"summary_large_image","twitter_misc":{"Temps estimat de lectura":"2 minuts"},"schema":{"@context":"https:\/\/schema.org","@graph":[{"@type":"WebPage","@id":"https:\/\/metromar.planetaries.cat\/ca\/empresa\/","url":"https:\/\/metromar.planetaries.cat\/ca\/empresa\/","name":"Sobre nosaltres - Metromar","isPartOf":{"@id":"https:\/\/metromar.planetaries.cat\/#website"},"primaryImageOfPage":{"@id":"https:\/\/metromar.planetaries.cat\/ca\/empresa\/#primaryimage"},"image":{"@id":"https:\/\/metromar.planetaries.cat\/ca\/empresa\/#primaryimage"},"thumbnailUrl":"http:\/\/metromartest.azurewebsites.net\/wp-content\/uploads\/2016\/03\/FIATC_metromar_.jpg","datePublished":"2016-03-11T13:13:51+00:00","dateModified":"2024-04-19T08:20:26+00:00","breadcrumb":{"@id":"https:\/\/metromar.planetaries.cat\/ca\/empresa\/#breadcrumb"},"inLanguage":"ca","potentialAction":[{"@type":"ReadAction","target":["https:\/\/metromar.planetaries.cat\/ca\/empresa\/"]}]},{"@type":"ImageObject","inLanguage":"ca","@id":"https:\/\/metromar.planetaries.cat\/ca\/empresa\/#primaryimage","url":"http:\/\/metromartest.azurewebsites.net\/wp-content\/uploads\/2016\/03\/FIATC_metromar_.jpg","contentUrl":"http:\/\/metromartest.azurewebsites.net\/wp-content\/uploads\/2016\/03\/FIATC_metromar_.jpg"},{"@type":"BreadcrumbList","@id":"https:\/\/metromar.planetaries.cat\/ca\/empresa\/#breadcrumb","itemListElement":[{"@type":"ListItem","position":1,"name":"Portada","item":"https:\/\/metromar.planetaries.cat\/ca\/"},{"@type":"ListItem","position":2,"name":"Sobre nosaltres"}]},{"@type":"WebSite","@id":"https:\/\/metromar.planetaries.cat\/#website","url":"https:\/\/metromar.planetaries.cat\/","name":"Metromar","description":"Ahorra hasta un 20% en el seguro de tu embarcaci\u00f3n","potentialAction":[{"@type":"SearchAction","target":{"@type":"EntryPoint","urlTemplate":"https:\/\/metromar.planetaries.cat\/?s={search_term_string}"},"query-input":"required name=search_term_string"}],"inLanguage":"ca"}]}},"_links":{"self":[{"href":"https:\/\/metromar.planetaries.cat\/ca\/wp-json\/wp\/v2\/pages\/708"}],"collection":[{"href":"https:\/\/metromar.planetaries.cat\/ca\/wp-json\/wp\/v2\/pages"}],"about":[{"href":"https:\/\/metromar.planetaries.cat\/ca\/wp-json\/wp\/v2\/types\/page"}],"author":[{"embeddable":true,"href":"https:\/\/metromar.planetaries.cat\/ca\/wp-json\/wp\/v2\/users\/2"}],"replies":[{"embeddable":true,"href":"https:\/\/metromar.planetaries.cat\/ca\/wp-json\/wp\/v2\/comments?post=708"}],"version-history":[{"count":18,"href":"https:\/\/metromar.planetaries.cat\/ca\/wp-json\/wp\/v2\/pages\/708\/revisions"}],"predecessor-version":[{"id":13610,"href":"https:\/\/metromar.planetaries.cat\/ca\/wp-json\/wp\/v2\/pages\/708\/revisions\/13610"}],"wp:attachment":[{"href":"https:\/\/metromar.planetaries.cat\/ca\/wp-json\/wp\/v2\/media?parent=708"}],"curies":[{"name":"wp","href":"https:\/\/api.w.org\/{rel}","templated":true}]}}