{"id":808,"date":"2016-03-17T13:55:47","date_gmt":"2016-03-17T12:55:47","guid":{"rendered":"http:\/\/metromar.planetaries.cat\/ca\/aviso-legal\/"},"modified":"2017-10-20T17:29:36","modified_gmt":"2017-10-20T15:29:36","slug":"avis-legal","status":"publish","type":"page","link":"https:\/\/metromar.planetaries.cat\/ca\/avis-legal\/","title":{"rendered":"Av\u00eds Legal"},"content":{"rendered":"<h3>1. Informaci\u00f3 legal<\/h3>\n<p>Aquestes disposicions regulen l\u2019\u00fas del servei d\u2019aquest web d\u2019Internet que Metr\u00f3polis, S. A. Companyia Nacional d\u2019Assegurances i Reassegurances posa a disposici\u00f3 dels seus usuaris.<\/p>\n<p>La utilitzaci\u00f3 del web atribueix la condici\u00f3 d\u2019usuari del web (d\u2019ara en endavant l\u2019\u201cUsuari\u201d) i implica l\u2019acceptaci\u00f3 de totes les condicions incloses en aquest av\u00eds legal. La prestaci\u00f3 del servei del web t\u00e9 una durada limitada al moment en qu\u00e8 l\u2019usuari hi estigui connectat. Per tant, l\u2019usuari ha de llegir atentament aquest av\u00eds legal cada una de les vegades que es proposi consultar el web, ja que aquest av\u00eds i les condicions d\u2019\u00fas que s\u2019hi inclouen poden estar sotmesos a modificacions.<\/p>\n<h3>2. <strong>Drets de propietat intel\u00b7lectual i industrial<\/strong><\/h3>\n<p>Tots els continguts d\u2019aquest web, que tenen un car\u00e0cter simplement enunciatiu i que s\u00f3n textos, gr\u00e0fics, imatges, icones, enlla\u00e7os i altres continguts audiovisuals o sonors, aix\u00ed com el seu disseny gr\u00e0fic i els codis font (d\u2019ara en endavant, els \u201cContinguts\u201d), s\u00f3n propietat intel\u00b7lectual de Metr\u00f3polis, S. A. o de tercers, sense que es pugui entendre que se cedeix a l\u2019usuari cap dels drets d\u2019explotaci\u00f3 sobre aquests continguts m\u00e9s enll\u00e0 del que sigui estrictament necessari per a l\u2019\u00fas correcte del web.<\/p>\n<p>Les marques, els noms comercials o els signes distintius s\u00f3n titularitat de Metr\u00f3polis, S. A. o tercers, sense que es pugui entendre que l\u2019acc\u00e9s al web atribueixi cap dret sobre les marques, els noms comercials i\/o els signes distintius esmentats.<\/p>\n<h3>3. <strong>Condicions\u00a0 d\u2019\u00fas del web<\/strong><\/h3>\n<p><strong>A.- Sobre l\u2019\u00fas<\/strong><\/p>\n<p>L\u2019usuari est\u00e0 obligat a fer un \u00fas correcte del web d\u2019acord amb la Llei i aquest av\u00eds legal. L\u2019usuari haur\u00e0 de respondre davant de Metr\u00f3polis, S. A. o de tercers sobre qualsevol dany o perjudici que es pogu\u00e9s causa com a conseq\u00fc\u00e8ncia de l\u2019incompliment d\u2019aquesta obligaci\u00f3.<\/p>\n<p>Queda expressament prohibit l\u2019\u00fas del web amb fins lesius de b\u00e9ns o interessos a Metr\u00f2polis, S. A., o de tercers, o que d\u2019alguna manera sobrecarreguin, malmetin o inutilitzin les xarxes, els servidors o altres equips inform\u00e0tics (maquinari o <em>hardware<\/em>), aix\u00ed com productes i aplicacions inform\u00e0tiques (programari o <em>software<\/em>) de Metr\u00f3polis, S. A. o de tercers.<\/p>\n<p><strong>B.- Sobre els continguts<\/strong><\/p>\n<p>L\u2019usuari es compromet a utilitzar els continguts d\u2019acord amb la Llei i aquest av\u00eds legal, aix\u00ed com amb altres condicions, reglaments i instruccions que, si escau, puguin ser d\u2019aplicaci\u00f3 d\u2019acord amb el que s\u2019ha disposat en l\u2019apartat 1.<\/p>\n<p>Amb car\u00e0cter simplement enunciatiu i d\u2019acord amb la legislaci\u00f3 vigent, l\u2019usuari haur\u00e0 d\u2019abstenir-se de:<\/p>\n<ul>\n<li>Reproduir, copiar, distribuir, posar a disposici\u00f3, comunicar p\u00fablicament, transformar o modificar els continguts, llevat dels casos autoritzats per la llei o expressament consentits per Metr\u00f3polis, S. A. o per qui disposi de la titularitat dels drets d\u2019explotaci\u00f3, si \u00e9s el cas.<\/li>\n<li>Reproduir o copiar per a \u00fas privat els continguts que puguin ser considerats <em>software<\/em>\u00a0 base de dades, d\u2019acord amb la legislaci\u00f3 vigent en mat\u00e8ria de propietat intel\u00b7lectual, aix\u00ed com la seva comunicaci\u00f3 p\u00fablica o posada a la disposici\u00f3 de tercers quan aquests actes impliquin necess\u00e0riament la reproducci\u00f3 per part de l\u2019usuari o d\u2019un tercer.<\/li>\n<li>Extreure i\/o reutilitzar la totalitat o una part substancial dels continguts integrats en el web, aix\u00ed com de les bases de dades que Metr\u00f3polis, S. A. posi a disposici\u00f3 dels usuaris.<\/li>\n<\/ul>\n<p><strong>C.- Sobre el formulari de recollida de dades<br \/>\n<\/strong><br \/>\nTota la informaci\u00f3 que faciliti l\u2019usuari a trav\u00e9s dels formularis del web als efectes anteriors o d\u2019altres haur\u00e0 de ser certa. A aquests efectes, l\u2019usuari garanteix l\u2019autenticitat de totes aquelles dades que comuniqui i mantindr\u00e0 perfectament actualitzada la informaci\u00f3 facilitada a Metr\u00f3polis, S. A., de manera que respongui en tot moment a la situaci\u00f3 real de l\u2019usuari. En tot cas, l\u2019usuari ser\u00e0 l\u2019\u00fanic responsable de les manifestacions falses o inexactes que aporti i dels perjudicis que aquest fet causi a Metr\u00f3polis, S. A. o a tercers.<\/p>\n<h3>4. <strong>Exclusi\u00f3 de responsabilitat<\/strong><\/h3>\n<p><strong>A.- Dels serveis<br \/>\n<\/strong><br \/>\nL\u2019acc\u00e9s al web no implica l\u2019obligaci\u00f3 per part de Metr\u00f3polis, S. A. de controlar l\u2019abs\u00e8ncia de virus o de qualsevol altre programa o sistema que pugui causar algun dany. Correspon a l\u2019usuari la disponibilitat d\u2019eines adequades per a la detecci\u00f3 i la desinfecci\u00f3 de programes inform\u00e0tics que puguin causar danys.<\/p>\n<p>Metr\u00f3polis, S. A. no es responsabilitza dels danys produ\u00efts en els equips inform\u00e0tics dels usuaris o de tercers durant la prestaci\u00f3 del servei del web.<\/p>\n<p><strong>B.- De la disponibilitat del web<\/strong><\/p>\n<p>L\u2019acc\u00e9s al web requereix serveis i subministraments de tercers, inclosos el transport a trav\u00e9s de xarxes de telecomunicacions la fiabilitat, qualitat, continu\u00eftat i funcionament de les quals no correspon a Metr\u00f3polis, S. A. Per tant, els serveis adquirits a trav\u00e9s del web poden ser suspesos, cancel\u00b7lats o esdevenir inaccessibles per als usuaris.<\/p>\n<p>Metr\u00f3polis, S. A. no es responsabilitza dels danys o perjudicis de qualsevol tipus produ\u00efts \u00a0a l\u2019usuari que ocasionin causa d\u2019errors o desconnexions a les xarxes de telecomunicacions i que provoquin la suspensi\u00f3, cancel\u00b7laci\u00f3 o interrupci\u00f3 del servei del web durant la seva prestaci\u00f3 o amb car\u00e0cter previ.<\/p>\n<h3>5. <strong>Protecci\u00f3 de dades de car\u00e0cter personal<\/strong><\/h3>\n<p>Metr\u00f3polis Seguros, S. A. estableix que tots els tractaments de dades personals respectaran les disposicions establertes en la normativa aplicable. Des del moment en qu\u00e8 l\u2019usuari emplena els formularis suposa que accepta que les seves dades personals siguin tractades i incloses a les bases de dades de Metr\u00f3polis Seguros, amb domicili social al c\/ Alcal\u00e1, 39, Edifici Metr\u00f3polis, 28014 Madrid.<\/p>\n<p>Tan sols es recolliran les dades de car\u00e0cter personal, per al seu tractament, quan siguin adequats, pertinents i no excessius en relaci\u00f3 amb l\u2019\u00e0mbit i les finalitats per a les quals s\u2019hagin obtingut.<\/p>\n<p>El tractament de la informaci\u00f3 es dur\u00e0 a terme de manera confidencial tenint en compte les diferents exig\u00e8ncies establertes per la normativa aplicable.<\/p>\n<p>Addicionalment, Metr\u00f3polis Seguros informa que t\u00e9 implantades les mesures de car\u00e0cter t\u00e8cnic i organitzatives necess\u00e0ries que garanteixin la seguretat de les dades i n\u2019evitin l\u2019alteraci\u00f3, la p\u00e8rdua, el tractament o l\u2019acc\u00e9s no autoritzat.<\/p>\n<p>L\u2019usuari podr\u00e0 exercir els seus drets d\u2019acc\u00e9s, rectificaci\u00f3, cancel\u00b7laci\u00f3 o oposici\u00f3 adre\u00e7ant-se a Metr\u00f3polis Seguros, S. A. mitjan\u00e7ant correu electr\u00f2nic a l\u2019adre\u00e7a <a href=\"mailto:protecciondedatos@metropolis-sa.es\">protecciondedatos@metropolis-sa.es<\/a> o per correu postal a \u201cProtecci\u00f3 de dades \u2013 Assessoria jur\u00eddica\u201d, al c\/ Alcal\u00e1, 39, 28014 Madrid.<\/p>\n<p>L\u2019usuari consent de manera expressa, des del moment en qu\u00e8 envi\u00ef el formulari de tractament de les seves dades i efectes, rebre informaci\u00f3 comercial de Metr\u00f3polis Segurs, S. A. Si no vol rebre aquesta informaci\u00f3 s\u2019hi podr\u00e0 oposar en qualsevol moment fent servir els mecanismes expressats anteriorment.<\/p>\n<h3>6. Legislaci\u00f3 aplicable<\/h3>\n<p>Aquest av\u00eds legal i les seves conseq\u00fc\u00e8ncies es regiran en tots els casos per la legislaci\u00f3 espanyola que estigui vigent a cada moment.<\/p>\n","protected":false},"excerpt":{"rendered":"<p>1. Informaci\u00f3 legal Aquestes disposicions regulen l\u2019\u00fas del servei d\u2019aquest web d\u2019Internet que Metr\u00f3polis, S. A. Companyia Nacional d\u2019Assegurances i Reassegurances posa a disposici\u00f3 dels seus usuaris. La utilitzaci\u00f3 del web atribueix la condici\u00f3 d\u2019usuari del web (d\u2019ara en endavant l\u2019\u201cUsuari\u201d) i implica l\u2019acceptaci\u00f3 de totes les condicions incloses en aquest av\u00eds legal. La prestaci\u00f3 [&hellip;]<\/p>\n","protected":false},"author":2,"featured_media":0,"parent":0,"menu_order":0,"comment_status":"closed","ping_status":"closed","template":"template-legal.php","meta":{"_acf_changed":false,"footnotes":""},"acf":[],"yoast_head":"<!-- This site is optimized with the Yoast SEO plugin v23.0 - https:\/\/yoast.com\/wordpress\/plugins\/seo\/ -->\n<title>Av\u00eds Legal - Metromar<\/title>\n<meta name=\"robots\" content=\"index, nofollow, max-snippet:-1, max-image-preview:large, max-video-preview:-1\" \/>\n<link rel=\"canonical\" href=\"https:\/\/metromar.planetaries.cat\/ca\/avis-legal\/\" \/>\n<meta property=\"og:locale\" content=\"ca_ES\" \/>\n<meta property=\"og:type\" content=\"article\" \/>\n<meta property=\"og:title\" content=\"Av\u00eds Legal - Metromar\" \/>\n<meta property=\"og:description\" content=\"1. Informaci\u00f3 legal Aquestes disposicions regulen l\u2019\u00fas del servei d\u2019aquest web d\u2019Internet que Metr\u00f3polis, S. A. Companyia Nacional d\u2019Assegurances i Reassegurances posa a disposici\u00f3 dels seus usuaris. La utilitzaci\u00f3 del web atribueix la condici\u00f3 d\u2019usuari del web (d\u2019ara en endavant l\u2019\u201cUsuari\u201d) i implica l\u2019acceptaci\u00f3 de totes les condicions incloses en aquest av\u00eds legal. La prestaci\u00f3 [&hellip;]\" \/>\n<meta property=\"og:url\" content=\"https:\/\/metromar.planetaries.cat\/ca\/avis-legal\/\" \/>\n<meta property=\"og:site_name\" content=\"Metromar\" \/>\n<meta property=\"article:modified_time\" content=\"2017-10-20T15:29:36+00:00\" \/>\n<meta name=\"twitter:card\" content=\"summary_large_image\" \/>\n<meta name=\"twitter:label1\" content=\"Temps estimat de lectura\" \/>\n\t<meta name=\"twitter:data1\" content=\"6 minuts\" \/>\n<script type=\"application\/ld+json\" class=\"yoast-schema-graph\">{\"@context\":\"https:\/\/schema.org\",\"@graph\":[{\"@type\":\"WebPage\",\"@id\":\"https:\/\/metromar.planetaries.cat\/ca\/avis-legal\/\",\"url\":\"https:\/\/metromar.planetaries.cat\/ca\/avis-legal\/\",\"name\":\"Av\u00eds Legal - Metromar\",\"isPartOf\":{\"@id\":\"https:\/\/metromar.planetaries.cat\/#website\"},\"datePublished\":\"2016-03-17T12:55:47+00:00\",\"dateModified\":\"2017-10-20T15:29:36+00:00\",\"breadcrumb\":{\"@id\":\"https:\/\/metromar.planetaries.cat\/ca\/avis-legal\/#breadcrumb\"},\"inLanguage\":\"ca\",\"potentialAction\":[{\"@type\":\"ReadAction\",\"target\":[\"https:\/\/metromar.planetaries.cat\/ca\/avis-legal\/\"]}]},{\"@type\":\"BreadcrumbList\",\"@id\":\"https:\/\/metromar.planetaries.cat\/ca\/avis-legal\/#breadcrumb\",\"itemListElement\":[{\"@type\":\"ListItem\",\"position\":1,\"name\":\"Portada\",\"item\":\"https:\/\/metromar.planetaries.cat\/ca\/\"},{\"@type\":\"ListItem\",\"position\":2,\"name\":\"Av\u00eds Legal\"}]},{\"@type\":\"WebSite\",\"@id\":\"https:\/\/metromar.planetaries.cat\/#website\",\"url\":\"https:\/\/metromar.planetaries.cat\/\",\"name\":\"Metromar\",\"description\":\"Ahorra hasta un 20% en el seguro de tu embarcaci\u00f3n\",\"potentialAction\":[{\"@type\":\"SearchAction\",\"target\":{\"@type\":\"EntryPoint\",\"urlTemplate\":\"https:\/\/metromar.planetaries.cat\/?s={search_term_string}\"},\"query-input\":\"required name=search_term_string\"}],\"inLanguage\":\"ca\"}]}<\/script>\n<!-- \/ Yoast SEO plugin. -->","yoast_head_json":{"title":"Av\u00eds Legal - Metromar","robots":{"index":"index","follow":"nofollow","max-snippet":"max-snippet:-1","max-image-preview":"max-image-preview:large","max-video-preview":"max-video-preview:-1"},"canonical":"https:\/\/metromar.planetaries.cat\/ca\/avis-legal\/","og_locale":"ca_ES","og_type":"article","og_title":"Av\u00eds Legal - Metromar","og_description":"1. Informaci\u00f3 legal Aquestes disposicions regulen l\u2019\u00fas del servei d\u2019aquest web d\u2019Internet que Metr\u00f3polis, S. A. Companyia Nacional d\u2019Assegurances i Reassegurances posa a disposici\u00f3 dels seus usuaris. La utilitzaci\u00f3 del web atribueix la condici\u00f3 d\u2019usuari del web (d\u2019ara en endavant l\u2019\u201cUsuari\u201d) i implica l\u2019acceptaci\u00f3 de totes les condicions incloses en aquest av\u00eds legal. La prestaci\u00f3 [&hellip;]","og_url":"https:\/\/metromar.planetaries.cat\/ca\/avis-legal\/","og_site_name":"Metromar","article_modified_time":"2017-10-20T15:29:36+00:00","twitter_card":"summary_large_image","twitter_misc":{"Temps estimat de lectura":"6 minuts"},"schema":{"@context":"https:\/\/schema.org","@graph":[{"@type":"WebPage","@id":"https:\/\/metromar.planetaries.cat\/ca\/avis-legal\/","url":"https:\/\/metromar.planetaries.cat\/ca\/avis-legal\/","name":"Av\u00eds Legal - Metromar","isPartOf":{"@id":"https:\/\/metromar.planetaries.cat\/#website"},"datePublished":"2016-03-17T12:55:47+00:00","dateModified":"2017-10-20T15:29:36+00:00","breadcrumb":{"@id":"https:\/\/metromar.planetaries.cat\/ca\/avis-legal\/#breadcrumb"},"inLanguage":"ca","potentialAction":[{"@type":"ReadAction","target":["https:\/\/metromar.planetaries.cat\/ca\/avis-legal\/"]}]},{"@type":"BreadcrumbList","@id":"https:\/\/metromar.planetaries.cat\/ca\/avis-legal\/#breadcrumb","itemListElement":[{"@type":"ListItem","position":1,"name":"Portada","item":"https:\/\/metromar.planetaries.cat\/ca\/"},{"@type":"ListItem","position":2,"name":"Av\u00eds Legal"}]},{"@type":"WebSite","@id":"https:\/\/metromar.planetaries.cat\/#website","url":"https:\/\/metromar.planetaries.cat\/","name":"Metromar","description":"Ahorra hasta un 20% en el seguro de tu embarcaci\u00f3n","potentialAction":[{"@type":"SearchAction","target":{"@type":"EntryPoint","urlTemplate":"https:\/\/metromar.planetaries.cat\/?s={search_term_string}"},"query-input":"required name=search_term_string"}],"inLanguage":"ca"}]}},"_links":{"self":[{"href":"https:\/\/metromar.planetaries.cat\/ca\/wp-json\/wp\/v2\/pages\/808"}],"collection":[{"href":"https:\/\/metromar.planetaries.cat\/ca\/wp-json\/wp\/v2\/pages"}],"about":[{"href":"https:\/\/metromar.planetaries.cat\/ca\/wp-json\/wp\/v2\/types\/page"}],"author":[{"embeddable":true,"href":"https:\/\/metromar.planetaries.cat\/ca\/wp-json\/wp\/v2\/users\/2"}],"replies":[{"embeddable":true,"href":"https:\/\/metromar.planetaries.cat\/ca\/wp-json\/wp\/v2\/comments?post=808"}],"version-history":[{"count":8,"href":"https:\/\/metromar.planetaries.cat\/ca\/wp-json\/wp\/v2\/pages\/808\/revisions"}],"predecessor-version":[{"id":1411,"href":"https:\/\/metromar.planetaries.cat\/ca\/wp-json\/wp\/v2\/pages\/808\/revisions\/1411"}],"wp:attachment":[{"href":"https:\/\/metromar.planetaries.cat\/ca\/wp-json\/wp\/v2\/media?parent=808"}],"curies":[{"name":"wp","href":"https:\/\/api.w.org\/{rel}","templated":true}]}}