{"id":850,"date":"2016-03-18T17:11:00","date_gmt":"2016-03-18T16:11:00","guid":{"rendered":"http:\/\/metromar.planetaries.cat\/ca\/consejos\/consejos-seguridad-navegantes\/"},"modified":"2024-04-09T14:05:06","modified_gmt":"2024-04-09T12:05:06","slug":"seguretat-per-a-navegants","status":"publish","type":"page","link":"https:\/\/metromar.planetaries.cat\/ca\/consells\/seguretat-per-a-navegants\/","title":{"rendered":"Seguretat per a navegants"},"content":{"rendered":"<h2>Embarcaci\u00f3<\/h2>\n<ul>\n<li>Abans de fer-se a la mar cal <strong>comprovar si l\u2019embarcaci\u00f3 es troba en bon estat<\/strong> i s\u2019ha de revisar el funcionament correcte i el bon estat dels equips de navegaci\u00f3, aix\u00ed com les comunicacions, els motors, el sistema el\u00e8ctric i els nivells (d\u2019oli, combustible i aigua), aparell i equip de seguretat.<\/li>\n<li>\u00c9s important efectuar un pla<strong> de navegaci\u00f3 abans de sortir a la mar i comunicar-lo al club n\u00e0utic<\/strong> o a alg\u00fa a terra, i procurar no alterar-lo si no \u00e9s per causes de for\u00e7a major. S\u2019ha d\u2019indicar la data i l\u2019hora previstes tant de sortida com d\u2019arribada, i el port o els ports de sortida i de destinaci\u00f3, per tal de poder rebre l\u2019av\u00eds de qualsevol eventualitat.<\/li>\n<li>Cal <strong>informar de les caracter\u00edstiques del buc<\/strong>, tant al punt de sortida com al d\u2019arribada, amb l\u2019objectiu de garantir la identificaci\u00f3 de l\u2019embarcaci\u00f3.<\/li>\n<li>No poden embarcar m\u00e9s tripulants dels permesos en l\u2019embarcaci\u00f3.<\/li>\n<li><strong>No es pot sortir a la mar sense una \u00e0ncora<\/strong>. En el cas d\u2019avaria de l\u2019embarcaci\u00f3 o de falta de combustible, l\u2019\u00e0ncora pot evitar que l\u2019embarcaci\u00f3 derivi cap a alta mar o cap a la costa.<\/li>\n<li>Cal <strong>afermar correctament el bot salvavides<\/strong> en un lloc espai\u00f3s.<\/li>\n<\/ul>\n<h2>Patr\u00f3<\/h2>\n<ul>\n<li>Des del moment en qu\u00e8 s\u2019amollen les amarres, <strong>el patr\u00f3 \u00e9s el responsable de la seguretat a bord de l\u2019embarcaci\u00f3<\/strong> i no ha de dubtar a l\u2019hora d\u2019imposar la seva autoritat. Ha d\u2019adoptar una actitud de calma responsable en totes les circumst\u00e0ncies per tal d\u2019infondre confian\u00e7a entre la tripulaci\u00f3 i els convidats. Ha de mantenir un rumb i una velocitat ajustats a les circumst\u00e0ncies de vent i onatge, i vetllar per la comoditat i la seguretat de tots els passatgers.<\/li>\n<li><strong>No s\u2019han de perdre de vista les aig\u00fces a proa de l\u2019embarcaci\u00f3<\/strong>, perqu\u00e8 hi podria haver banyistes, altres embarcacions menors, etc.<\/li>\n<li><strong>S\u2019ha de manipular el combustible amb molta precauci\u00f3<\/strong>; si es vessa, cal netejar r\u00e0pidament la coberta per tal d\u2019impedir que arribi a la sentina.<\/li>\n<li>S\u2019ha de <strong>tenir al dia la titulaci\u00f3 n\u00e0utica i la documentaci\u00f3 reglament\u00e0ria<\/strong>, d\u2019acord amb l\u2019embarcaci\u00f3 de qu\u00e8 es disposa i les navegacions que es preveu realitzar.<\/li>\n<\/ul>\n<h2>Altres precaucions<\/h2>\n<ul>\n<li>Cal informar-se de la <strong>previsi\u00f3 meteorol\u00f2gica de la zona<\/strong> per on es pret\u00e9n navegar, i s\u2019ha d\u2019evitar sortir a la mar si fa mal temps o si hi ha mala visibilitat.<\/li>\n<li>\u00c9s important <strong>tenir preparada una motxilla de superviv\u00e8ncia<\/strong> on poder transportar, dins d\u2019un calaix estanc, la radiobalisa, un equip port\u00e0til de VHF, una navalla de butxaca, aliments energ\u00e8tics, una llanterna estanca (piles), cordills i caps de diferents tipus i longituds, bengales i coets, una farmaciola de primers auxilis, aigua potable, una llanterna estrobosc\u00f2pica i muda de roba seca i d\u2019abric.<\/li>\n<li>S\u2019ha de procurar <strong>mantenir les armilles en bon estat<\/strong> i completes (amb llum, xiulet, franges reflectores, corretges i tancaments, etc.). Cal dur a bord de l\u2019embarcaci\u00f3 tantes armilles com tripulants hi hagi, i totes en bon estat.<\/li>\n<\/ul>\n<h2>I cal recordar:<\/h2>\n<ul>\n<li><strong>Emerg\u00e8ncies<\/strong>: Canal 16 de la r\u00e0dio VHF \/ Canal 70 VHF en LSD<\/li>\n<li><strong>Informaci\u00f3 meteorol\u00f2gica mar\u00edtima<\/strong>: 807 170 365<\/li>\n<\/ul>\n<p>&nbsp;<\/p>\n<p><a href=\"http:\/\/metromar.planetaries.cat\/ca\/calcula-tu-poliza\/\">Si vols contractar amb nosaltres l&#8217;asseguran\u00e7a de la seva embarcaci\u00f3 amb un magn\u00edfic descompte feu clic aqu\u00ed<\/a>, truqui de franc al <strong>900 100 390<\/strong> o, si ho prefereix, <a class=\" te-llamamos\" data-toggle=\"modal\" data-target=\"#myModal\">li trucarem nosaltres<\/a>.<\/p>\n","protected":false},"excerpt":{"rendered":"<p>Embarcaci\u00f3 Abans de fer-se a la mar cal comprovar si l\u2019embarcaci\u00f3 es troba en bon estat i s\u2019ha de revisar el funcionament correcte i el bon estat dels equips de navegaci\u00f3, aix\u00ed com les comunicacions, els motors, el sistema el\u00e8ctric i els nivells (d\u2019oli, combustible i aigua), aparell i equip de seguretat. \u00c9s important efectuar [&hellip;]<\/p>\n","protected":false},"author":2,"featured_media":0,"parent":700,"menu_order":0,"comment_status":"closed","ping_status":"closed","template":"template-consejos.php","meta":{"_acf_changed":false,"footnotes":""},"acf":[],"yoast_head":"<!-- This site is optimized with the Yoast SEO plugin v23.0 - https:\/\/yoast.com\/wordpress\/plugins\/seo\/ -->\n<title>Seguretat per a navegants - Metromar<\/title>\n<meta name=\"robots\" content=\"index, follow, max-snippet:-1, max-image-preview:large, max-video-preview:-1\" \/>\n<link rel=\"canonical\" href=\"https:\/\/metromar.planetaries.cat\/ca\/consells\/seguretat-per-a-navegants\/\" \/>\n<meta property=\"og:locale\" content=\"ca_ES\" \/>\n<meta property=\"og:type\" content=\"article\" \/>\n<meta property=\"og:title\" content=\"Seguretat per a navegants - Metromar\" \/>\n<meta property=\"og:description\" content=\"Embarcaci\u00f3 Abans de fer-se a la mar cal comprovar si l\u2019embarcaci\u00f3 es troba en bon estat i s\u2019ha de revisar el funcionament correcte i el bon estat dels equips de navegaci\u00f3, aix\u00ed com les comunicacions, els motors, el sistema el\u00e8ctric i els nivells (d\u2019oli, combustible i aigua), aparell i equip de seguretat. \u00c9s important efectuar [&hellip;]\" \/>\n<meta property=\"og:url\" content=\"https:\/\/metromar.planetaries.cat\/ca\/consells\/seguretat-per-a-navegants\/\" \/>\n<meta property=\"og:site_name\" content=\"Metromar\" \/>\n<meta property=\"article:modified_time\" content=\"2024-04-09T12:05:06+00:00\" \/>\n<meta name=\"twitter:card\" content=\"summary_large_image\" \/>\n<meta name=\"twitter:label1\" content=\"Temps estimat de lectura\" \/>\n\t<meta name=\"twitter:data1\" content=\"3 minuts\" \/>\n<script type=\"application\/ld+json\" class=\"yoast-schema-graph\">{\"@context\":\"https:\/\/schema.org\",\"@graph\":[{\"@type\":\"WebPage\",\"@id\":\"https:\/\/metromar.planetaries.cat\/ca\/consells\/seguretat-per-a-navegants\/\",\"url\":\"https:\/\/metromar.planetaries.cat\/ca\/consells\/seguretat-per-a-navegants\/\",\"name\":\"Seguretat per a navegants - Metromar\",\"isPartOf\":{\"@id\":\"https:\/\/metromar.planetaries.cat\/#website\"},\"datePublished\":\"2016-03-18T16:11:00+00:00\",\"dateModified\":\"2024-04-09T12:05:06+00:00\",\"breadcrumb\":{\"@id\":\"https:\/\/metromar.planetaries.cat\/ca\/consells\/seguretat-per-a-navegants\/#breadcrumb\"},\"inLanguage\":\"ca\",\"potentialAction\":[{\"@type\":\"ReadAction\",\"target\":[\"https:\/\/metromar.planetaries.cat\/ca\/consells\/seguretat-per-a-navegants\/\"]}]},{\"@type\":\"BreadcrumbList\",\"@id\":\"https:\/\/metromar.planetaries.cat\/ca\/consells\/seguretat-per-a-navegants\/#breadcrumb\",\"itemListElement\":[{\"@type\":\"ListItem\",\"position\":1,\"name\":\"Portada\",\"item\":\"https:\/\/metromar.planetaries.cat\/ca\/\"},{\"@type\":\"ListItem\",\"position\":2,\"name\":\"FAQ\",\"item\":\"https:\/\/metromar.planetaries.cat\/ca\/consells\/\"},{\"@type\":\"ListItem\",\"position\":3,\"name\":\"Seguretat per a navegants\"}]},{\"@type\":\"WebSite\",\"@id\":\"https:\/\/metromar.planetaries.cat\/#website\",\"url\":\"https:\/\/metromar.planetaries.cat\/\",\"name\":\"Metromar\",\"description\":\"Ahorra hasta un 20% en el seguro de tu embarcaci\u00f3n\",\"potentialAction\":[{\"@type\":\"SearchAction\",\"target\":{\"@type\":\"EntryPoint\",\"urlTemplate\":\"https:\/\/metromar.planetaries.cat\/?s={search_term_string}\"},\"query-input\":\"required name=search_term_string\"}],\"inLanguage\":\"ca\"}]}<\/script>\n<!-- \/ Yoast SEO plugin. -->","yoast_head_json":{"title":"Seguretat per a navegants - Metromar","robots":{"index":"index","follow":"follow","max-snippet":"max-snippet:-1","max-image-preview":"max-image-preview:large","max-video-preview":"max-video-preview:-1"},"canonical":"https:\/\/metromar.planetaries.cat\/ca\/consells\/seguretat-per-a-navegants\/","og_locale":"ca_ES","og_type":"article","og_title":"Seguretat per a navegants - Metromar","og_description":"Embarcaci\u00f3 Abans de fer-se a la mar cal comprovar si l\u2019embarcaci\u00f3 es troba en bon estat i s\u2019ha de revisar el funcionament correcte i el bon estat dels equips de navegaci\u00f3, aix\u00ed com les comunicacions, els motors, el sistema el\u00e8ctric i els nivells (d\u2019oli, combustible i aigua), aparell i equip de seguretat. \u00c9s important efectuar [&hellip;]","og_url":"https:\/\/metromar.planetaries.cat\/ca\/consells\/seguretat-per-a-navegants\/","og_site_name":"Metromar","article_modified_time":"2024-04-09T12:05:06+00:00","twitter_card":"summary_large_image","twitter_misc":{"Temps estimat de lectura":"3 minuts"},"schema":{"@context":"https:\/\/schema.org","@graph":[{"@type":"WebPage","@id":"https:\/\/metromar.planetaries.cat\/ca\/consells\/seguretat-per-a-navegants\/","url":"https:\/\/metromar.planetaries.cat\/ca\/consells\/seguretat-per-a-navegants\/","name":"Seguretat per a navegants - Metromar","isPartOf":{"@id":"https:\/\/metromar.planetaries.cat\/#website"},"datePublished":"2016-03-18T16:11:00+00:00","dateModified":"2024-04-09T12:05:06+00:00","breadcrumb":{"@id":"https:\/\/metromar.planetaries.cat\/ca\/consells\/seguretat-per-a-navegants\/#breadcrumb"},"inLanguage":"ca","potentialAction":[{"@type":"ReadAction","target":["https:\/\/metromar.planetaries.cat\/ca\/consells\/seguretat-per-a-navegants\/"]}]},{"@type":"BreadcrumbList","@id":"https:\/\/metromar.planetaries.cat\/ca\/consells\/seguretat-per-a-navegants\/#breadcrumb","itemListElement":[{"@type":"ListItem","position":1,"name":"Portada","item":"https:\/\/metromar.planetaries.cat\/ca\/"},{"@type":"ListItem","position":2,"name":"FAQ","item":"https:\/\/metromar.planetaries.cat\/ca\/consells\/"},{"@type":"ListItem","position":3,"name":"Seguretat per a navegants"}]},{"@type":"WebSite","@id":"https:\/\/metromar.planetaries.cat\/#website","url":"https:\/\/metromar.planetaries.cat\/","name":"Metromar","description":"Ahorra hasta un 20% en el seguro de tu embarcaci\u00f3n","potentialAction":[{"@type":"SearchAction","target":{"@type":"EntryPoint","urlTemplate":"https:\/\/metromar.planetaries.cat\/?s={search_term_string}"},"query-input":"required name=search_term_string"}],"inLanguage":"ca"}]}},"_links":{"self":[{"href":"https:\/\/metromar.planetaries.cat\/ca\/wp-json\/wp\/v2\/pages\/850"}],"collection":[{"href":"https:\/\/metromar.planetaries.cat\/ca\/wp-json\/wp\/v2\/pages"}],"about":[{"href":"https:\/\/metromar.planetaries.cat\/ca\/wp-json\/wp\/v2\/types\/page"}],"author":[{"embeddable":true,"href":"https:\/\/metromar.planetaries.cat\/ca\/wp-json\/wp\/v2\/users\/2"}],"replies":[{"embeddable":true,"href":"https:\/\/metromar.planetaries.cat\/ca\/wp-json\/wp\/v2\/comments?post=850"}],"version-history":[{"count":8,"href":"https:\/\/metromar.planetaries.cat\/ca\/wp-json\/wp\/v2\/pages\/850\/revisions"}],"predecessor-version":[{"id":1177,"href":"https:\/\/metromar.planetaries.cat\/ca\/wp-json\/wp\/v2\/pages\/850\/revisions\/1177"}],"up":[{"embeddable":true,"href":"https:\/\/metromar.planetaries.cat\/ca\/wp-json\/wp\/v2\/pages\/700"}],"wp:attachment":[{"href":"https:\/\/metromar.planetaries.cat\/ca\/wp-json\/wp\/v2\/media?parent=850"}],"curies":[{"name":"wp","href":"https:\/\/api.w.org\/{rel}","templated":true}]}}