{"id":857,"date":"2016-03-18T17:17:57","date_gmt":"2016-03-18T16:17:57","guid":{"rendered":"http:\/\/metromar.planetaries.cat\/ca\/consejos\/preguntas-frecuentes-seguros-barcos-otras-embarcaciones\/"},"modified":"2024-04-09T14:02:54","modified_gmt":"2024-04-09T12:02:54","slug":"preguntes-frequents","status":"publish","type":"page","link":"https:\/\/metromar.planetaries.cat\/ca\/consells\/preguntes-frequents\/","title":{"rendered":"Preguntes freq\u00fcents"},"content":{"rendered":"<h2><strong>1. Quin tipus d\u2019embarcacions es poden assegurar a METROmar<\/strong>?<\/h2>\n<p>Es poden assegurar <strong>embarcacions d\u2019esbarjo o esportives<\/strong>; \u00e9s a dir, objectes flotants destinats a la navegaci\u00f3 d\u2019esbarjo i esportiva propulsats amb motor, incloses les motos n\u00e0utiques, aix\u00ed com tamb\u00e9 objectes flotants sense motor i amb una eslora superior a sis metres.<\/p>\n<h2><strong>2. Quin \u00e0mbit de navegaci\u00f3 es cobreix?<\/strong><\/h2>\n<p>La cobertura de l&#8217;asseguran\u00e7a s&#8217;est\u00e9n a garantir els sinistre emparats ocorreguts en l&#8217;\u00e0rea mar\u00edtima disposada entre el litoral espanyol i\/o portugu\u00e8s i\/o del Mar Mediterrani i\/o del franc\u00e8s fins a l&#8217;altura de Calais, i les milles declarades en aquestes condicions particulars , aix\u00ed com les travessies entre la Pen\u00ednsula Ib\u00e8rica i les Illes Can\u00e0ries.<\/p>\n<p>En el cas que es declari com a \u00e0mbit de navegaci\u00f3 pantans i rius, aquests estaran compresos dins de la geografia espanyola.<\/p>\n<p>En tot cas, l&#8217;\u00e0rea de navegaci\u00f3 de l&#8217;embarcaci\u00f3 assegurada quedar\u00e0 limitada a l&#8217;usual i autoritzat pels reglaments i\/o autoritats competents per a l&#8217;embarcaci\u00f3 de la seva classe, si aquesta \u00e9s menor.<\/p>\n<h2><strong>3. Existeix la possibilitat de contractar una cobertura d\u2019accidents?<\/strong><\/h2>\n<p>A les nostres p\u00f2lisses, es pot contractar la cobertura d&#8217;accidents, per la qual es indemnitzarian les lesions corporals ocorregudes al contractant i a tota persona assegurada, membre o no de la seva fam\u00edlia, transportada a t\u00edtol gratu\u00eft amb la seva autoritzaci\u00f3 i consentiment mentre es trobi a bord de l&#8217;embarcaci\u00f3, o en el moment d&#8217;embarcament o desembarcament.<\/p>\n<h2><strong>4. En el cas de sinistre, quins passos s\u2019han de seguir?<\/strong><\/h2>\n<p>Pots trucar al tel\u00e8fon de Metromar 900.100.390, o enviar un correu electr\u00f2nic a siniestros@fiatc.es adjuntant la seg\u00fcent documentaci\u00f3:<br \/>\n\u2022 N\u00ba de p\u00f2lissa.<br \/>\n\u2022 Data de sinistre.<br \/>\n\u2022 Descripci\u00f3 de la causa dels danys.<br \/>\n\u2022 Lloc d&#8217;ocurr\u00e8ncia.<br \/>\n\u2022 Persona de contacte i\u00a0tel\u00e8fon.<\/p>\n<p>Si \u00e9s necessari, tamb\u00e9 es pots trucar a <strong>Salvament Mar\u00edtim<\/strong>, al <strong>900 202 202<\/strong>.<\/p>\n<h2><strong>5. Les assegurances d\u2019embarcacions METROmar cobreixen la responsabilitat civil en el cas de col\u00b7lisi\u00f3 amb tercers?<\/strong><\/h2>\n<p>Les assegurances d\u2019embarcacions METROmar, en compliment del Reial decret 607\/1999, de 16 d\u2019abril, pel qual s\u2019aprova el Reglament de l\u2019asseguran\u00e7a de responsabilitat civil de subscripci\u00f3 obligat\u00f2ria per a embarcacions d\u2019esbarjo o esportives, t\u00e9 per objecte m\u00ednim la cobertura de la responsabilitat civil extracontractual en qu\u00e8 puguin inc\u00f3rrer els naviliers o els propietaris d\u2019embarcacions d\u2019esbarjo o esportives, les persones que degudament autoritzades pel propietari exerceixin com a patrons de l\u2019embarcaci\u00f3, aix\u00ed com aquelles altres persones que els assisteixin en el govern i els esquiadors que pugui arrossegar l\u2019embarcaci\u00f3, pels danys materials i personals, i pels perjudicis que en siguin conseq\u00fc\u00e8ncia i que, per culpa o neglig\u00e8ncia, causin a tercers, a ports o a instal\u00b7lacions mar\u00edtimes, a causa de col\u00b7lisi\u00f3, abordatge i, amb car\u00e0cter general, per la resta de fets derivats de l\u2019\u00fas de les embarcacions en les aig\u00fces mar\u00edtimes espanyoles, aix\u00ed com pels esquiadors i els objectes que remolquin al mar.<\/p>\n<p>Aquestes garanties es fan extensives a l\u2019embarcaci\u00f3 auxiliar que vagi incorporada a l\u2019embarcaci\u00f3 assegurada, quan navegui independentment de l\u2019embarcaci\u00f3 principal i sempre que estigui expressament identificada en les condicions particulars de la p\u00f2lissa i sempre que el motor d\u2019aquesta embarcaci\u00f3 auxiliar no sigui superior a 8 kW o la seva eslora no superi els 4 metres.<\/p>\n<h2><strong>6. Es pot assegurar l\u2019embarcaci\u00f3 si es fa servir per llogar-la a tercers?<\/strong><\/h2>\n<p><strong>METROmar<\/strong> ofereix una <strong>asseguran\u00e7a espec\u00edfica per a les embarcacions esportives o d\u2019esbarjo<\/strong> que s\u2019explotin amb prop\u00f2sits lucratius, \u00e9s a dir, les de la llista sisena.\u00a0Truqui de franc al <strong>900 100 390<\/strong> o, si ho prefereix, <a class=\" te-llamamos\" data-toggle=\"modal\" data-target=\"#myModal\">li trucarem nosaltres<\/a>.<\/p>\n<h2><strong>\u00a07.\u00a0<\/strong><strong>S\u2019obtenen beneficis en el cas que no hi hagi sinistres?<\/strong><\/h2>\n<p>Quan durant l&#8217;anualitat no hi hagi hagut sinistralitat, totes les p\u00f2lisses de Metromar que tinguin contractada alguna de les cobertures de danys tindran dret a la devoluci\u00f3 del 20% de la prima pagada. Si la p\u00f2lissa t\u00e9 les cobertures de tercers m\u00e9s accidents i la prima neta \u00e9s superior a 150 \u20ac aquesta devoluci\u00f3 ser\u00e0 del 10%.<\/p>\n<p>Aquesta devoluci\u00f3 es realitzar\u00e0 sempre que es renovi el contracte.<\/p>\n<h2><strong>8. Les assegurances d\u2019embarcacions METROmar cobreixen la participaci\u00f3 en regates i\/o esdeveniments esportius?<\/strong><\/h2>\n<p>Oferim la possibilitat d&#8217;assegurar embarcacions d&#8217;esbarjo que participin en regates i concursos de pesca socials.<\/p>\n<h2><strong>9. Les assegurances METROmar inclouen la contractaci\u00f3 de l\u2019assist\u00e8ncia mar\u00edtima?<\/strong><\/h2>\n<p>En efecte, la cobertura de despeses de remolc est\u00e0 inclosa en les nostres assegurances si es contracta. En el cas d\u2019avaria, la companyia es far\u00e0 c\u00e0rrec, amb el l\u00edmit establert en la p\u00f2lissa, de totes les despeses ocasionades pel remolcament de l\u2019embarcaci\u00f3 fins a la zona portu\u00e0ria o esportiva m\u00e9s propera al lloc de l\u2019avaria.<\/p>\n<h2><strong>10. I pel que fa a la remoci\u00f3 de restes, tamb\u00e9 hi est\u00e0 inclosa?<\/strong><\/h2>\n<p>La remoci\u00f3n de restos est\u00e1 incluida en nuestro seguro contratando la garant\u00eda de da\u00f1os hasta un m\u00e1ximo del 10% de la suma asegurada casco\/m\u00e1quina, existiendo la posibilidad de ampliar voluntariamente el l\u00edmite fijado.<\/p>\n<p>En los seguro de Responsabilidad Civil Obligatoria tambi\u00e9n tenemos la opci\u00f3n de contratar la remoci\u00f3n de restos.<\/p>\n<p>&nbsp;<\/p>\n","protected":false},"excerpt":{"rendered":"<p>1. Quin tipus d\u2019embarcacions es poden assegurar a METROmar? Es poden assegurar embarcacions d\u2019esbarjo o esportives; \u00e9s a dir, objectes flotants destinats a la navegaci\u00f3 d\u2019esbarjo i esportiva propulsats amb motor, incloses les motos n\u00e0utiques, aix\u00ed com tamb\u00e9 objectes flotants sense motor i amb una eslora superior a sis metres. 2. Quin \u00e0mbit de navegaci\u00f3 [&hellip;]<\/p>\n","protected":false},"author":2,"featured_media":0,"parent":700,"menu_order":0,"comment_status":"closed","ping_status":"closed","template":"template-consejos.php","meta":{"_acf_changed":false,"footnotes":""},"acf":[],"yoast_head":"<!-- This site is optimized with the Yoast SEO plugin v23.0 - https:\/\/yoast.com\/wordpress\/plugins\/seo\/ -->\n<title>Preguntes freq\u00fcents - Metromar<\/title>\n<meta name=\"robots\" content=\"index, follow, max-snippet:-1, max-image-preview:large, max-video-preview:-1\" \/>\n<link rel=\"canonical\" href=\"https:\/\/metromar.planetaries.cat\/ca\/consells\/preguntes-frequents\/\" \/>\n<meta property=\"og:locale\" content=\"ca_ES\" \/>\n<meta property=\"og:type\" content=\"article\" \/>\n<meta property=\"og:title\" content=\"Preguntes freq\u00fcents - Metromar\" \/>\n<meta property=\"og:description\" content=\"1. Quin tipus d\u2019embarcacions es poden assegurar a METROmar? Es poden assegurar embarcacions d\u2019esbarjo o esportives; \u00e9s a dir, objectes flotants destinats a la navegaci\u00f3 d\u2019esbarjo i esportiva propulsats amb motor, incloses les motos n\u00e0utiques, aix\u00ed com tamb\u00e9 objectes flotants sense motor i amb una eslora superior a sis metres. 2. Quin \u00e0mbit de navegaci\u00f3 [&hellip;]\" \/>\n<meta property=\"og:url\" content=\"https:\/\/metromar.planetaries.cat\/ca\/consells\/preguntes-frequents\/\" \/>\n<meta property=\"og:site_name\" content=\"Metromar\" \/>\n<meta property=\"article:modified_time\" content=\"2024-04-09T12:02:54+00:00\" \/>\n<meta name=\"twitter:card\" content=\"summary_large_image\" \/>\n<meta name=\"twitter:label1\" content=\"Temps estimat de lectura\" \/>\n\t<meta name=\"twitter:data1\" content=\"4 minuts\" \/>\n<script type=\"application\/ld+json\" class=\"yoast-schema-graph\">{\"@context\":\"https:\/\/schema.org\",\"@graph\":[{\"@type\":\"WebPage\",\"@id\":\"https:\/\/metromar.planetaries.cat\/ca\/consells\/preguntes-frequents\/\",\"url\":\"https:\/\/metromar.planetaries.cat\/ca\/consells\/preguntes-frequents\/\",\"name\":\"Preguntes freq\u00fcents - Metromar\",\"isPartOf\":{\"@id\":\"https:\/\/metromar.planetaries.cat\/#website\"},\"datePublished\":\"2016-03-18T16:17:57+00:00\",\"dateModified\":\"2024-04-09T12:02:54+00:00\",\"breadcrumb\":{\"@id\":\"https:\/\/metromar.planetaries.cat\/ca\/consells\/preguntes-frequents\/#breadcrumb\"},\"inLanguage\":\"ca\",\"potentialAction\":[{\"@type\":\"ReadAction\",\"target\":[\"https:\/\/metromar.planetaries.cat\/ca\/consells\/preguntes-frequents\/\"]}]},{\"@type\":\"BreadcrumbList\",\"@id\":\"https:\/\/metromar.planetaries.cat\/ca\/consells\/preguntes-frequents\/#breadcrumb\",\"itemListElement\":[{\"@type\":\"ListItem\",\"position\":1,\"name\":\"Portada\",\"item\":\"https:\/\/metromar.planetaries.cat\/ca\/\"},{\"@type\":\"ListItem\",\"position\":2,\"name\":\"FAQ\",\"item\":\"https:\/\/metromar.planetaries.cat\/ca\/consells\/\"},{\"@type\":\"ListItem\",\"position\":3,\"name\":\"Preguntes freq\u00fcents\"}]},{\"@type\":\"WebSite\",\"@id\":\"https:\/\/metromar.planetaries.cat\/#website\",\"url\":\"https:\/\/metromar.planetaries.cat\/\",\"name\":\"Metromar\",\"description\":\"Ahorra hasta un 20% en el seguro de tu embarcaci\u00f3n\",\"potentialAction\":[{\"@type\":\"SearchAction\",\"target\":{\"@type\":\"EntryPoint\",\"urlTemplate\":\"https:\/\/metromar.planetaries.cat\/?s={search_term_string}\"},\"query-input\":\"required name=search_term_string\"}],\"inLanguage\":\"ca\"}]}<\/script>\n<!-- \/ Yoast SEO plugin. -->","yoast_head_json":{"title":"Preguntes freq\u00fcents - Metromar","robots":{"index":"index","follow":"follow","max-snippet":"max-snippet:-1","max-image-preview":"max-image-preview:large","max-video-preview":"max-video-preview:-1"},"canonical":"https:\/\/metromar.planetaries.cat\/ca\/consells\/preguntes-frequents\/","og_locale":"ca_ES","og_type":"article","og_title":"Preguntes freq\u00fcents - Metromar","og_description":"1. Quin tipus d\u2019embarcacions es poden assegurar a METROmar? Es poden assegurar embarcacions d\u2019esbarjo o esportives; \u00e9s a dir, objectes flotants destinats a la navegaci\u00f3 d\u2019esbarjo i esportiva propulsats amb motor, incloses les motos n\u00e0utiques, aix\u00ed com tamb\u00e9 objectes flotants sense motor i amb una eslora superior a sis metres. 2. Quin \u00e0mbit de navegaci\u00f3 [&hellip;]","og_url":"https:\/\/metromar.planetaries.cat\/ca\/consells\/preguntes-frequents\/","og_site_name":"Metromar","article_modified_time":"2024-04-09T12:02:54+00:00","twitter_card":"summary_large_image","twitter_misc":{"Temps estimat de lectura":"4 minuts"},"schema":{"@context":"https:\/\/schema.org","@graph":[{"@type":"WebPage","@id":"https:\/\/metromar.planetaries.cat\/ca\/consells\/preguntes-frequents\/","url":"https:\/\/metromar.planetaries.cat\/ca\/consells\/preguntes-frequents\/","name":"Preguntes freq\u00fcents - Metromar","isPartOf":{"@id":"https:\/\/metromar.planetaries.cat\/#website"},"datePublished":"2016-03-18T16:17:57+00:00","dateModified":"2024-04-09T12:02:54+00:00","breadcrumb":{"@id":"https:\/\/metromar.planetaries.cat\/ca\/consells\/preguntes-frequents\/#breadcrumb"},"inLanguage":"ca","potentialAction":[{"@type":"ReadAction","target":["https:\/\/metromar.planetaries.cat\/ca\/consells\/preguntes-frequents\/"]}]},{"@type":"BreadcrumbList","@id":"https:\/\/metromar.planetaries.cat\/ca\/consells\/preguntes-frequents\/#breadcrumb","itemListElement":[{"@type":"ListItem","position":1,"name":"Portada","item":"https:\/\/metromar.planetaries.cat\/ca\/"},{"@type":"ListItem","position":2,"name":"FAQ","item":"https:\/\/metromar.planetaries.cat\/ca\/consells\/"},{"@type":"ListItem","position":3,"name":"Preguntes freq\u00fcents"}]},{"@type":"WebSite","@id":"https:\/\/metromar.planetaries.cat\/#website","url":"https:\/\/metromar.planetaries.cat\/","name":"Metromar","description":"Ahorra hasta un 20% en el seguro de tu embarcaci\u00f3n","potentialAction":[{"@type":"SearchAction","target":{"@type":"EntryPoint","urlTemplate":"https:\/\/metromar.planetaries.cat\/?s={search_term_string}"},"query-input":"required name=search_term_string"}],"inLanguage":"ca"}]}},"_links":{"self":[{"href":"https:\/\/metromar.planetaries.cat\/ca\/wp-json\/wp\/v2\/pages\/857"}],"collection":[{"href":"https:\/\/metromar.planetaries.cat\/ca\/wp-json\/wp\/v2\/pages"}],"about":[{"href":"https:\/\/metromar.planetaries.cat\/ca\/wp-json\/wp\/v2\/types\/page"}],"author":[{"embeddable":true,"href":"https:\/\/metromar.planetaries.cat\/ca\/wp-json\/wp\/v2\/users\/2"}],"replies":[{"embeddable":true,"href":"https:\/\/metromar.planetaries.cat\/ca\/wp-json\/wp\/v2\/comments?post=857"}],"version-history":[{"count":11,"href":"https:\/\/metromar.planetaries.cat\/ca\/wp-json\/wp\/v2\/pages\/857\/revisions"}],"predecessor-version":[{"id":13548,"href":"https:\/\/metromar.planetaries.cat\/ca\/wp-json\/wp\/v2\/pages\/857\/revisions\/13548"}],"up":[{"embeddable":true,"href":"https:\/\/metromar.planetaries.cat\/ca\/wp-json\/wp\/v2\/pages\/700"}],"wp:attachment":[{"href":"https:\/\/metromar.planetaries.cat\/ca\/wp-json\/wp\/v2\/media?parent=857"}],"curies":[{"name":"wp","href":"https:\/\/api.w.org\/{rel}","templated":true}]}}