{"id":807,"date":"2016-03-17T13:55:47","date_gmt":"2016-03-17T12:55:47","guid":{"rendered":"http:\/\/metromar.planetaries.cat\/en\/aviso-legal\/"},"modified":"2017-10-20T17:46:23","modified_gmt":"2017-10-20T15:46:23","slug":"legal-notice","status":"publish","type":"page","link":"https:\/\/metromar.planetaries.cat\/en\/legal-notice\/","title":{"rendered":"Legal notice"},"content":{"rendered":"<h3>1. Legal Information<\/h3>\n<p>These regulations govern the use of the service of this internet website that Metr\u00f3polis, S.A. Compa\u00f1\u00eda Nacional de Seguros y Reaseguros provides its users<\/p>\n<p>The use of the Website credits the condition of the Website user (hereinafter \u201cthe User\u201d) and implies acceptance of all terms and conditions contained in this Legal Notice. The Website service is provided for a period of time that is limited to when the User is connected to the Website. Consequently, the Users must read this Legal Notice carefully every time the Website is accessed, since both the site and its terms of use as stipulated in this Legal Notice are subject to change.<\/p>\n<h3>2. Intellectual and Industrial Property Rights<\/h3>\n<p>All the contents of the Website including without limitation the texts, graphics, photos, icons, links and any other audio-visual or sound contents, as well as graphic design and source codes (hereafter the \u201cContent\u201d) are the intellectual property of Metr\u00f3polis S.A. or of third parties, without the possibility of being understood as transferred to the User any rights to exploit them beyond what is strictly necessary for the proper Web.<\/p>\n<p>All trademarks, trade names or logos are property of M\u00e9tropolis, S.A. or third parties without any understanding that access the Web page entails the assignment of any rights over mentioned trademarks, trade names and\/or logos.<\/p>\n<h3>3. Terms of Use of the Web<\/h3>\n<p><strong>A.- About the Use<\/strong><\/p>\n<p>The User undertakes to use the Website correctly in accordance to Law and this Legal Notice. The User will be liable to Metr\u00f3plis, S.A. or third parties, for any damages and prejudices caused as a consequence of non-fulfilment of the aforementioned obligations.<\/p>\n<p>It is expressly forbidden to use the Website for injuries purposes to property or interests of Metr\u00f3polis, S.A. or third parties, or in any other way that overloads, damages or disables the networks, servers or other computer equipment (hardware) or products and applications (software) of Metr\u00f3polis, S.A. or third parties.<\/p>\n<p><strong>B.- About the Content<br \/>\n<\/strong><\/p>\n<p>The User undertakes to use the Website contents in accordance to Law and this Legal Notice, as well as other terms, conditions and instructions that could be applicable according to the part 1.<\/p>\n<p>With a mere enunciating character, the User agreeing to the valid legislation has to retain from:<\/p>\n<ul>\n<li>Reproducing, copying, distributing, publicly communicating, transforming or modifying the Contents except for those cases permitted by Law or expressly authorised by Metr\u00f3polis, S.A. or by the parties holding the ownership rights of exploitation.<\/li>\n<li>Reproducing or copying the Content for personal use that can be considered as Software or Database, in accordance with the current legislation in intellectual property matters, as well as communicating publicly or making available said Content to third parties when these actions necessarily imply the reproduction by the User or third party.<\/li>\n<li>Extracting and\/or reusing all or substantial part of the Contents of the Web as well as the Databases of Metr\u00f3polis, S.A. which is available to the Users.<\/li>\n<\/ul>\n<p><strong>C.- About the Data Collection Form<br \/>\n<\/strong><br \/>\nAll the information provided by the User via the Website forms as detailed beforehand or any other purposes shall have to be true. To this end, the User guarantees the authenticity of all data provided to Metr\u00f3polis, S.A., so that it responds, at any time, at User\u2019s actual situation. In any case it would be the User the only responsible for any false or inaccurate conduct and the damages caused to Metr\u00f3polis, S.A or third parties for the information provided.<\/p>\n<h3>4. Liability Exclusion<\/h3>\n<p><strong>A.- About the Services<\/strong><\/p>\n<p>Access to the Website implies no duty on the part of Metr\u00f3polis, S.A. to ensure the absence of viruses or any other harmful computer element. It corresponds to the User the responsibility for the availability of adequate tools for the detection and disinfection of harmful computer programs.<\/p>\n<p>Metr\u00f3polis, S.A. is not responsible for any damage caused to Users\u2019 or third parties\u2019 computer equipment during the provision of service of the Web.<\/p>\n<p><strong>B.- About the Web Availability<br \/>\n<\/strong><br \/>\nThe access to the Website requires services and supplies from third parties, including transport through telecommunications networks whose reliability, quality, continuity and operation is not the responsibility of Metr\u00f3polis, S.A.. Therefore, the services through the Web can be suspended, cancelled or to be inaccessible for the Users.<\/p>\n<p>Metr\u00f3polis, S.A. does not assume liability for damages of any kind incurred by the User resulting from failures or disconnections in the networks that produce the suspension, cancellation or interruption of the Web service while in use or beforehand.<\/p>\n<h3>5. Personal Data Protection<\/h3>\n<p>Metr\u00f3polis, S.A. insures that all processing of personal data will be according to the provisions of the current established forms. From the moment of filling the forms the User is considered to accept that his\/her personal data will be treated and sent to the database of Metr\u00f3polis, S.A., with the address c\/ Alcal\u00e1 39, Ed. Metr\u00f3polis, 28014 Madrid.<\/p>\n<p>There will be only collected the personal data, for its processing, when it is adequate, relevant and not excessive for the determined area and the purposes for which it has been obtained.<\/p>\n<p>The data processing will be carried out confidentially attending the different demand of the applicable regulations.<\/p>\n<p>In addition, Metr\u00f3polis Seguros informs you to have undertaken the techmical and organizational measures to ensure the security of personal data and avoid its alteration, loss, unauthorized access or treatment.<\/p>\n<p>The User may exercise his\/her right to the access, rectification, cancellation or opposition via Email <a href=\"mailto:protecciondedatos@metropolis-sa.es\/\">protecciondedatos@metropolis-sa.es\u00a0<\/a> or sending a mail to \u201cProtecci\u00f3n de datos- Asesor\u00eda Jur\u00eddica\u201d c\/ Alcal\u00e1 39, 28014 Madrid.<\/p>\n<p>From the very moment the User sends the forms, he\/she expressly consents that the personal data will be processed in order to receive commercial info from Metr\u00f3polis Seguros S.A. In case the User doesn\u2019t want to receive this kind of information, he\/she can withdraw the consent through the ways mentioned.<\/p>\n<h3>6. Applicable Law<\/h3>\n<p>The present Legal Notice together with its consequences shall be rules in all cases by the Spanish legislation in force at the time.<\/p>\n","protected":false},"excerpt":{"rendered":"<p>1. Legal Information These regulations govern the use of the service of this internet website that Metr\u00f3polis, S.A. Compa\u00f1\u00eda Nacional de Seguros y Reaseguros provides its users The use of the Website credits the condition of the Website user (hereinafter \u201cthe User\u201d) and implies acceptance of all terms and conditions contained in this Legal Notice. [&hellip;]<\/p>\n","protected":false},"author":2,"featured_media":0,"parent":0,"menu_order":0,"comment_status":"closed","ping_status":"closed","template":"template-legal.php","meta":{"_acf_changed":false,"footnotes":""},"acf":[],"yoast_head":"<!-- This site is optimized with the Yoast SEO plugin v23.0 - https:\/\/yoast.com\/wordpress\/plugins\/seo\/ -->\n<title>Legal notice - Metromar<\/title>\n<meta name=\"robots\" content=\"index, nofollow, max-snippet:-1, max-image-preview:large, max-video-preview:-1\" \/>\n<link rel=\"canonical\" href=\"https:\/\/metromar.planetaries.cat\/en\/legal-notice\/\" \/>\n<meta property=\"og:locale\" content=\"en_US\" \/>\n<meta property=\"og:type\" content=\"article\" \/>\n<meta property=\"og:title\" content=\"Legal notice - Metromar\" \/>\n<meta property=\"og:description\" content=\"1. Legal Information These regulations govern the use of the service of this internet website that Metr\u00f3polis, S.A. Compa\u00f1\u00eda Nacional de Seguros y Reaseguros provides its users The use of the Website credits the condition of the Website user (hereinafter \u201cthe User\u201d) and implies acceptance of all terms and conditions contained in this Legal Notice. [&hellip;]\" \/>\n<meta property=\"og:url\" content=\"https:\/\/metromar.planetaries.cat\/en\/legal-notice\/\" \/>\n<meta property=\"og:site_name\" content=\"Metromar\" \/>\n<meta property=\"article:modified_time\" content=\"2017-10-20T15:46:23+00:00\" \/>\n<meta name=\"twitter:card\" content=\"summary_large_image\" \/>\n<meta name=\"twitter:label1\" content=\"Est. reading time\" \/>\n\t<meta name=\"twitter:data1\" content=\"5 minutes\" \/>\n<script type=\"application\/ld+json\" class=\"yoast-schema-graph\">{\"@context\":\"https:\/\/schema.org\",\"@graph\":[{\"@type\":\"WebPage\",\"@id\":\"https:\/\/metromar.planetaries.cat\/en\/legal-notice\/\",\"url\":\"https:\/\/metromar.planetaries.cat\/en\/legal-notice\/\",\"name\":\"Legal notice - Metromar\",\"isPartOf\":{\"@id\":\"https:\/\/metromar.planetaries.cat\/#website\"},\"datePublished\":\"2016-03-17T12:55:47+00:00\",\"dateModified\":\"2017-10-20T15:46:23+00:00\",\"breadcrumb\":{\"@id\":\"https:\/\/metromar.planetaries.cat\/en\/legal-notice\/#breadcrumb\"},\"inLanguage\":\"en-US\",\"potentialAction\":[{\"@type\":\"ReadAction\",\"target\":[\"https:\/\/metromar.planetaries.cat\/en\/legal-notice\/\"]}]},{\"@type\":\"BreadcrumbList\",\"@id\":\"https:\/\/metromar.planetaries.cat\/en\/legal-notice\/#breadcrumb\",\"itemListElement\":[{\"@type\":\"ListItem\",\"position\":1,\"name\":\"Portada\",\"item\":\"https:\/\/metromar.planetaries.cat\/en\/\"},{\"@type\":\"ListItem\",\"position\":2,\"name\":\"Legal notice\"}]},{\"@type\":\"WebSite\",\"@id\":\"https:\/\/metromar.planetaries.cat\/#website\",\"url\":\"https:\/\/metromar.planetaries.cat\/\",\"name\":\"Metromar\",\"description\":\"Ahorra hasta un 20% en el seguro de tu embarcaci\u00f3n\",\"potentialAction\":[{\"@type\":\"SearchAction\",\"target\":{\"@type\":\"EntryPoint\",\"urlTemplate\":\"https:\/\/metromar.planetaries.cat\/?s={search_term_string}\"},\"query-input\":\"required name=search_term_string\"}],\"inLanguage\":\"en-US\"}]}<\/script>\n<!-- \/ Yoast SEO plugin. -->","yoast_head_json":{"title":"Legal notice - Metromar","robots":{"index":"index","follow":"nofollow","max-snippet":"max-snippet:-1","max-image-preview":"max-image-preview:large","max-video-preview":"max-video-preview:-1"},"canonical":"https:\/\/metromar.planetaries.cat\/en\/legal-notice\/","og_locale":"en_US","og_type":"article","og_title":"Legal notice - Metromar","og_description":"1. Legal Information These regulations govern the use of the service of this internet website that Metr\u00f3polis, S.A. Compa\u00f1\u00eda Nacional de Seguros y Reaseguros provides its users The use of the Website credits the condition of the Website user (hereinafter \u201cthe User\u201d) and implies acceptance of all terms and conditions contained in this Legal Notice. [&hellip;]","og_url":"https:\/\/metromar.planetaries.cat\/en\/legal-notice\/","og_site_name":"Metromar","article_modified_time":"2017-10-20T15:46:23+00:00","twitter_card":"summary_large_image","twitter_misc":{"Est. reading time":"5 minutes"},"schema":{"@context":"https:\/\/schema.org","@graph":[{"@type":"WebPage","@id":"https:\/\/metromar.planetaries.cat\/en\/legal-notice\/","url":"https:\/\/metromar.planetaries.cat\/en\/legal-notice\/","name":"Legal notice - Metromar","isPartOf":{"@id":"https:\/\/metromar.planetaries.cat\/#website"},"datePublished":"2016-03-17T12:55:47+00:00","dateModified":"2017-10-20T15:46:23+00:00","breadcrumb":{"@id":"https:\/\/metromar.planetaries.cat\/en\/legal-notice\/#breadcrumb"},"inLanguage":"en-US","potentialAction":[{"@type":"ReadAction","target":["https:\/\/metromar.planetaries.cat\/en\/legal-notice\/"]}]},{"@type":"BreadcrumbList","@id":"https:\/\/metromar.planetaries.cat\/en\/legal-notice\/#breadcrumb","itemListElement":[{"@type":"ListItem","position":1,"name":"Portada","item":"https:\/\/metromar.planetaries.cat\/en\/"},{"@type":"ListItem","position":2,"name":"Legal notice"}]},{"@type":"WebSite","@id":"https:\/\/metromar.planetaries.cat\/#website","url":"https:\/\/metromar.planetaries.cat\/","name":"Metromar","description":"Ahorra hasta un 20% en el seguro de tu embarcaci\u00f3n","potentialAction":[{"@type":"SearchAction","target":{"@type":"EntryPoint","urlTemplate":"https:\/\/metromar.planetaries.cat\/?s={search_term_string}"},"query-input":"required name=search_term_string"}],"inLanguage":"en-US"}]}},"_links":{"self":[{"href":"https:\/\/metromar.planetaries.cat\/en\/wp-json\/wp\/v2\/pages\/807"}],"collection":[{"href":"https:\/\/metromar.planetaries.cat\/en\/wp-json\/wp\/v2\/pages"}],"about":[{"href":"https:\/\/metromar.planetaries.cat\/en\/wp-json\/wp\/v2\/types\/page"}],"author":[{"embeddable":true,"href":"https:\/\/metromar.planetaries.cat\/en\/wp-json\/wp\/v2\/users\/2"}],"replies":[{"embeddable":true,"href":"https:\/\/metromar.planetaries.cat\/en\/wp-json\/wp\/v2\/comments?post=807"}],"version-history":[{"count":10,"href":"https:\/\/metromar.planetaries.cat\/en\/wp-json\/wp\/v2\/pages\/807\/revisions"}],"predecessor-version":[{"id":1408,"href":"https:\/\/metromar.planetaries.cat\/en\/wp-json\/wp\/v2\/pages\/807\/revisions\/1408"}],"wp:attachment":[{"href":"https:\/\/metromar.planetaries.cat\/en\/wp-json\/wp\/v2\/media?parent=807"}],"curies":[{"name":"wp","href":"https:\/\/api.w.org\/{rel}","templated":true}]}}